{"id":2106,"date":"2021-03-25T04:08:26","date_gmt":"2021-03-25T04:08:26","guid":{"rendered":"http:\/\/localhost\/nuss\/?page_id=298"},"modified":"2026-01-12T18:15:55","modified_gmt":"2026-01-12T18:15:55","slug":"esperienze","status":"publish","type":"page","link":"https:\/\/grandeehotel.com\/it\/experiences\/","title":{"rendered":"Esperienze e recensioni dei clienti"},"content":{"rendered":"<div data-elementor-type=\"wp-page\" data-elementor-id=\"2106\" class=\"elementor elementor-2106\">\n\t\t\t\t\t\t<section class=\"elementor-section elementor-top-section elementor-element elementor-element-1954ffc elementor-section-boxed elementor-section-gap-beside-yes elementor-section-height-default elementor-section-height-default elementor-section-column-vertical-align-stretch\" data-id=\"1954ffc\" data-element_type=\"section\" data-e-type=\"section\">\n\t\t\t\t\t\t<div class=\"elementor-container elementor-column-gap-extended\">\n\t\t\t\t\t<div class=\"elementor-column elementor-col-100 elementor-top-column elementor-element elementor-element-86aebc5\" data-id=\"86aebc5\" data-element_type=\"column\" data-e-type=\"column\">\n\t\t\t<div class=\"elementor-widget-wrap elementor-element-populated\">\n\t\t\t\t\t\t<div class=\"elementor-element elementor-element-11803d1 elementor-widget__width-initial elementor-invisible elementor-widget elementor-widget-text-editor\" data-id=\"11803d1\" data-element_type=\"widget\" data-e-type=\"widget\" data-settings=\"{&quot;_animation&quot;:&quot;nussFadeInUp&quot;}\" data-widget_type=\"text-editor.default\">\n\t\t\t\t\t\t\t\t\t<div class=\"svelte-1c06zsf\" data-lang-code=\"\"><p class=\"qwen-markdown-paragraph\" data-spm-anchor-id=\"a2ty_o01.29997173.0.i149.3f8f5171Mo5YDu\"><strong class=\"qwen-markdown-strong\"><span class=\"qwen-markdown-text\" data-spm-anchor-id=\"a2ty_o01.29997173.0.i150.3f8f5171Mo5YDu\">Grandee Hotel (Guangzhou Panyu Chimelong Safari Park Branch) \u2013 Recensioni reali degli ospiti ed esperienze dei clienti senza filtri di cui ti puoi fidare<\/span><\/strong><\/p><\/div>\t\t\t\t\t\t\t\t<\/div>\n\t\t\t\t\t<\/div>\n\t\t<\/div>\n\t\t\t\t\t<\/div>\n\t\t<\/section>\n\t\t<div class=\"elementor-element elementor-element-95e7268 e-flex e-con-boxed e-con e-parent\" data-id=\"95e7268\" data-element_type=\"container\" data-e-type=\"container\">\n\t\t\t\t\t<div class=\"e-con-inner\">\n\t\t\t\t<div class=\"elementor-element elementor-element-bd47571 elementor-widget elementor-widget-image\" data-id=\"bd47571\" data-element_type=\"widget\" data-e-type=\"widget\" data-widget_type=\"image.default\">\n\t\t\t\t\t\t\t\t\t\t\t\t\t\t\t\t<a href=\"https:\/\/www.trip.com\/hotels\/guangzhou-hotel-detail-129977293\/grandee-hotel\/?Allianceid=7451095&#038;SID=288690032&#038;trip_sub1=&#038;trip_sub3=D10219323\" target=\"_blank\" rel=\"noopener\">\n\t\t\t\t\t\t\t<img fetchpriority=\"high\" decoding=\"async\" width=\"1740\" height=\"1683\" src=\"https:\/\/grandeehotel.com\/wp-content\/uploads\/2026\/01\/Grandee-Hotel-Reviews.png\" class=\"attachment-full size-full wp-image-7376\" alt=\"\" srcset=\"https:\/\/grandeehotel.com\/wp-content\/uploads\/2026\/01\/Grandee-Hotel-Reviews.png 1740w, https:\/\/grandeehotel.com\/wp-content\/uploads\/2026\/01\/Grandee-Hotel-Reviews-300x290.png 300w, https:\/\/grandeehotel.com\/wp-content\/uploads\/2026\/01\/Grandee-Hotel-Reviews-1024x990.png 1024w, https:\/\/grandeehotel.com\/wp-content\/uploads\/2026\/01\/Grandee-Hotel-Reviews-768x743.png 768w, https:\/\/grandeehotel.com\/wp-content\/uploads\/2026\/01\/Grandee-Hotel-Reviews-1536x1486.png 1536w, https:\/\/grandeehotel.com\/wp-content\/uploads\/2026\/01\/Grandee-Hotel-Reviews-12x12.png 12w\" sizes=\"(max-width: 1740px) 100vw, 1740px\" \/>\t\t\t\t\t\t\t\t<\/a>\n\t\t\t\t\t\t\t\t\t\t\t\t\t\t\t<\/div>\n\t\t\t\t\t<\/div>\n\t\t\t\t<\/div>\n\t\t<div class=\"elementor-element elementor-element-f432b71 e-flex e-con-boxed e-con e-parent\" data-id=\"f432b71\" data-element_type=\"container\" data-e-type=\"container\">\n\t\t\t\t\t<div class=\"e-con-inner\">\n\t\t\t\t<div class=\"elementor-element elementor-element-f643b21 elementor-widget elementor-widget-text-editor\" data-id=\"f643b21\" data-element_type=\"widget\" data-e-type=\"widget\" data-widget_type=\"text-editor.default\">\n\t\t\t\t\t\t\t\t\t<p class=\"qwen-markdown-paragraph\"><span class=\"qwen-markdown-text\" data-spm-anchor-id=\"a2ty_o01.29997173.0.i152.3f8f5171Mo5YDu\">Situato a <\/span><strong class=\"qwen-markdown-strong\"><span class=\"qwen-markdown-text\">N. 463 Fushi Road, distretto di Panyu, Guangzhou<\/span><\/strong><span class=\"qwen-markdown-text\">, IL <\/span><strong class=\"qwen-markdown-strong\"><span class=\"qwen-markdown-text\">Grandee Hotel (filiale del Guangzhou Panyu Chimelong Safari Park)<\/span><\/strong><span class=\"qwen-markdown-text\"> si \u00e8 guadagnato una reputazione stellare tra i viaggiatori, vantando un impressionante <\/span><strong class=\"qwen-markdown-strong\"><span class=\"qwen-markdown-text\">Valutazione 9,5\/10 da 979 recensioni verificate degli ospiti<\/span><\/strong><span class=\"qwen-markdown-text\" data-spm-anchor-id=\"a2ty_o01.29997173.0.i151.3f8f5171Mo5YDu\"> Su Trip.com. Molto pi\u00f9 di un semplice posto comodo dove dormire dopo una giornata al Chimelong Safari Park, questo moderno hotel a 5 stelle delizia costantemente gli ospiti con il suo mix di convenienza, servizio attento e posizione strategica. Che viaggiate con bambini, da soli o per lavoro, il feedback dei viaggiatori reali rivela perch\u00e9 il Grandee Hotel si distingue in una delle destinazioni turistiche pi\u00f9 gettonate della Cina.<\/span><\/p><div class=\"qwen-markdown-space\">\u00a0<\/div><div class=\"qwen-markdown-hr\"><hr \/><\/div><div class=\"qwen-markdown-space\">\u00a0<\/div><h3 class=\"qwen-markdown-heading\"><span class=\"qwen-markdown-text\">\u2705 Ci\u00f2 che gli ospiti apprezzano di pi\u00f9: posizione, rapporto qualit\u00e0-prezzo e atmosfera adatta alle famiglie<\/span><\/h3><p class=\"qwen-markdown-paragraph\"><span class=\"qwen-markdown-text\">Il motivo per cui gli ospiti scelgono il Grandee Hotel? Il suo <\/span><strong class=\"qwen-markdown-strong\"><span class=\"qwen-markdown-text\">vicinanza imbattibile al Chimelong Safari Park<\/span><\/strong><span class=\"qwen-markdown-text\"> \u2014 a pochi passi da zone iconiche come la <\/span><strong class=\"qwen-markdown-strong\"><span class=\"qwen-markdown-text\">Mostra del ghepardo africano (0,7 km)<\/span><\/strong><span class=\"qwen-markdown-text\">, <\/span><strong class=\"qwen-markdown-strong\"><span class=\"qwen-markdown-text\">Corridoio Africano (0,35 km)<\/span><\/strong><span class=\"qwen-markdown-text\">, E <\/span><strong class=\"qwen-markdown-strong\"><span class=\"qwen-markdown-text\">Altopiano sudafricano (0,48 km)<\/span><\/strong><span class=\"qwen-markdown-text\">. Molti recensori sottolineano quanto sia facile tornare in hotel per fare un pisolino, una doccia o un pasto veloce tra un&#039;avventura e l&#039;altra nel parco, cosa particolarmente apprezzata dalle famiglie con bambini piccoli.<\/span><\/p><div class=\"qwen-markdown-space\">\u00a0<\/div><p class=\"qwen-markdown-paragraph\"><span class=\"qwen-markdown-text\">Un viaggiatore in famiglia ha commentato con entusiasmo: <\/span><\/p><blockquote class=\"qwen-markdown-blockquote\"><p class=\"qwen-markdown-paragraph\"><span class=\"qwen-markdown-text\">\u201c&quot;Abbiamo prenotato un pacchetto di due notti con biglietti d&#039;ingresso al parco e siamo rimasti stupiti dalla vicinanza all&#039;ingresso. Le camere erano pulitissime, i letti comodissimi e il personale si \u00e8 prodigato per aiutarci a pianificare il nostro itinerario del safari. Ancora meglio: la colazione a buffet offriva sia opzioni occidentali che cinesi, il che ha reso tutti felici!&quot;\u201d<\/span><\/p><\/blockquote><div class=\"qwen-markdown-space\">\u00a0<\/div><p class=\"qwen-markdown-paragraph\"><span class=\"qwen-markdown-text\">Un altro ospite ha aggiunto: <\/span><\/p><blockquote class=\"qwen-markdown-blockquote\"><p class=\"qwen-markdown-paragraph\"><span class=\"qwen-markdown-text\">\u201c&quot;Per meno di $20 a notte, questo rapporto qualit\u00e0-prezzo \u00e8 imbattibile. Camere pulite, Wi-Fi gratuito e personale alla reception cordiale che parla un inglese discreto. Siamo andati al parco a piedi ogni mattina, senza dover aspettare le navette.&quot;\u201d<\/span><\/p><\/blockquote><div class=\"qwen-markdown-space\">\u00a0<\/div><div class=\"qwen-markdown-hr\"><hr \/><\/div><div class=\"qwen-markdown-space\">\u00a0<\/div><h3 class=\"qwen-markdown-heading\"><span class=\"qwen-markdown-text\">\ud83d\udecf\ufe0f Comfort e servizi della camera: moderni, funzionali e progettati con cura<\/span><\/h3><p class=\"qwen-markdown-paragraph\"><span class=\"qwen-markdown-text\">Gli ospiti elogiano spesso l&#039;hotel <\/span><strong class=\"qwen-markdown-strong\"><span class=\"qwen-markdown-text\">camere moderne e ben tenute<\/span><\/strong><span class=\"qwen-markdown-text\"> Dotate di biancheria da letto di lusso, climatizzazione intelligente e tende oscuranti, perfette per ricaricarsi dopo lunghe giornate trascorse a esplorare il parco. Pur non essendo lussuose come il vicino Chimelong Hotel, le camere Grandee offrono un&#039;atmosfera accogliente e contemporanea con dettagli pratici:<\/span><\/p><div class=\"qwen-markdown-space\">\u00a0<\/div><ul class=\"qwen-markdown-list\" dir=\"auto\"><li><strong class=\"qwen-markdown-strong\"><span class=\"qwen-markdown-text\">Wi-Fi ad alta velocit\u00e0 gratuito<\/span><\/strong><span class=\"qwen-markdown-text\"> in tutta la propriet\u00e0<\/span><\/li><li><strong class=\"qwen-markdown-strong\"><span class=\"qwen-markdown-text\">porte di ricarica USB<\/span><\/strong><span class=\"qwen-markdown-text\"> e pi\u00f9 prese di corrente<\/span><\/li><li><strong class=\"qwen-markdown-strong\"><span class=\"qwen-markdown-text\">Mini-frigoriferi<\/span><\/strong><span class=\"qwen-markdown-text\"> e TV a schermo piatto in tutte le camere<\/span><\/li><li><strong class=\"qwen-markdown-strong\"><span class=\"qwen-markdown-text\">Finestre insonorizzate<\/span><\/strong><span class=\"qwen-markdown-text\"> per bloccare il rumore della strada<\/span><\/li><li><strong class=\"qwen-markdown-strong\"><span class=\"qwen-markdown-text\">Camere non fumatori<\/span><\/strong><span class=\"qwen-markdown-text\"> disponibile su richiesta<\/span><\/li><\/ul><div class=\"qwen-markdown-space\">\u00a0<\/div><p class=\"qwen-markdown-paragraph\"><span class=\"qwen-markdown-text\">Le famiglie apprezzano il <\/span><strong class=\"qwen-markdown-strong\"><span class=\"qwen-markdown-text\">layout spaziosi<\/span><\/strong><span class=\"qwen-markdown-text\"> \u2014 Molte tipologie di camere possono ospitare comodamente 3-4 persone, e alcune offrono letti a castello o letti aggiuntivi (a un piccolo costo aggiuntivo). Un recensore ha osservato: <\/span><\/p><blockquote class=\"qwen-markdown-blockquote\"><p class=\"qwen-markdown-paragraph\"><span class=\"qwen-markdown-text\">\u201c&quot;La nostra camera aveva due letti matrimoniali e un divano letto, perfetti per il nostro gruppo di cinque persone. Niente da ridire sullo spazio o sulla pulizia. Il bagno era pulito e fornito di ottimi articoli da toeletta.&quot;\u201d<\/span><\/p><\/blockquote><div class=\"qwen-markdown-space\">\u00a0<\/div><div class=\"qwen-markdown-hr\"><hr \/><\/div><div class=\"qwen-markdown-space\">\u00a0<\/div><h3 class=\"qwen-markdown-heading\"><span class=\"qwen-markdown-text\">\ud83c\udf7d\ufe0f Esperienza culinaria e gastronomica: spuntini veloci, colazioni a buffet e comodit\u00e0 in loco<\/span><\/h3><p class=\"qwen-markdown-paragraph\"><span class=\"qwen-markdown-text\">Sebbene il Grandee Hotel non abbia un enorme ristorante gourmet come il suo vicino, gli ospiti amano il <\/span><strong class=\"qwen-markdown-strong\"><span class=\"qwen-markdown-text\">variet\u00e0 e convenienza<\/span><\/strong><span class=\"qwen-markdown-text\"> delle sue opzioni di ristorazione:<\/span><\/p><div class=\"qwen-markdown-space\">\u00a0<\/div><ul class=\"qwen-markdown-list\" dir=\"auto\"><li><strong class=\"qwen-markdown-strong\"><span class=\"qwen-markdown-text\">Colazione a buffet in stile occidentale e cinese<\/span><\/strong><span class=\"qwen-markdown-text\"> servito quotidianamente \u2014 elogiato per la freschezza e la variet\u00e0<\/span><\/li><li><strong class=\"qwen-markdown-strong\"><span class=\"qwen-markdown-text\">Caffetteria e snack bar in loco<\/span><\/strong><span class=\"qwen-markdown-text\"> per un caff\u00e8, pasticcini o uno spuntino veloce prima di andare al parco<\/span><\/li><li><strong class=\"qwen-markdown-strong\"><span class=\"qwen-markdown-text\">Servizio in camera<\/span><\/strong><span class=\"qwen-markdown-text\"> disponibile per voglie notturne o mattine pigre<\/span><\/li><li><strong class=\"qwen-markdown-strong\"><span class=\"qwen-markdown-text\">Bar della hall<\/span><\/strong><span class=\"qwen-markdown-text\"> E <\/span><strong class=\"qwen-markdown-strong\"><span class=\"qwen-markdown-text\">minimarket\/chiosco<\/span><\/strong><span class=\"qwen-markdown-text\"> per snack, bevande e beni di prima necessit\u00e0<\/span><\/li><li><strong class=\"qwen-markdown-strong\"><span class=\"qwen-markdown-text\">Camere senza alcol<\/span><\/strong><span class=\"qwen-markdown-text\"> disponibile su richiesta - ideale per famiglie o per chi cerca ambienti tranquilli<\/span><\/li><\/ul><div class=\"qwen-markdown-space\">\u00a0<\/div><p class=\"qwen-markdown-paragraph\"><span class=\"qwen-markdown-text\">Diversi ospiti hanno detto di essersi goduti il <\/span><strong class=\"qwen-markdown-strong\"><span class=\"qwen-markdown-text\">piatti locali cantonesi<\/span><\/strong><span class=\"qwen-markdown-text\"> offerto durante l&#039;orario di cena, mentre altri hanno apprezzato il <\/span><strong class=\"qwen-markdown-strong\"><span class=\"qwen-markdown-text\">opzioni occidentali semplici ma soddisfacenti<\/span><\/strong><span class=\"qwen-markdown-text\"> per i palati pi\u00f9 schizzinosi o per i viaggiatori che soffrono di jet lag.<\/span><\/p><div class=\"qwen-markdown-space\">\u00a0<\/div><blockquote class=\"qwen-markdown-blockquote\"><p class=\"qwen-markdown-paragraph\"><span class=\"qwen-markdown-text\">\u201c&quot;La colazione era sorprendentemente buona: pancake, uova strapazzate, congee, dim sum, frutta e yogurt. Non abbiamo nemmeno dovuto lasciare l&#039;hotel per pranzo: lo snack bar offriva panini e noodles che ci hanno soddisfatto.&quot;\u201d<\/span><\/p><\/blockquote><div class=\"qwen-markdown-space\">\u00a0<\/div><div class=\"qwen-markdown-hr\"><hr \/><\/div><div class=\"qwen-markdown-space\">\u00a0<\/div><h3 class=\"qwen-markdown-heading\"><span class=\"qwen-markdown-text\">\ud83d\udc68\u200d\ud83d\udc69\u200d\ud83d\udc67\u200d\ud83d\udc66 Feedback dei viaggiatori in famiglia: adatto ai bambini, sicuro e senza stress<\/span><\/h3><p class=\"qwen-markdown-paragraph\"><span class=\"qwen-markdown-text\">I genitori valutano costantemente il Grandee Hotel in modo molto positivo per il suo <\/span><strong class=\"qwen-markdown-strong\"><span class=\"qwen-markdown-text\">atmosfera familiare<\/span><\/strong><span class=\"qwen-markdown-text\">. Dal noleggio di passeggini ai menu per la colazione adatti ai bambini, fino ai corridoi sicuri e ben illuminati, l&#039;hotel soddisfa le esigenze delle famiglie senza sovraccaricarle con fronzoli inutili.<\/span><\/p><div class=\"qwen-markdown-space\">\u00a0<\/div><blockquote class=\"qwen-markdown-blockquote\"><p class=\"qwen-markdown-paragraph\"><span class=\"qwen-markdown-text\">\u201c&quot;Il mio bambino di 6 anni ha adorato l&#039;arredamento a tema animali nel corridoio! Il personale gli ha dato un libro da colorare al momento del check-in e il personale addetto alle pulizie gli ha lasciato dei giocattoli sul cuscino ogni sera. Un tocco di premura davvero speciale.&quot;\u201d<\/span><\/p><\/blockquote><div class=\"qwen-markdown-space\">\u00a0<\/div><p class=\"qwen-markdown-paragraph\"><span class=\"qwen-markdown-text\">Alcuni ospiti hanno anche notato il <\/span><strong class=\"qwen-markdown-strong\"><span class=\"qwen-markdown-text\">servizio navetta gratuito<\/span><\/strong><span class=\"qwen-markdown-text\"> al Chimelong Safari Park, anche se la disponibilit\u00e0 pu\u00f2 variare, quindi \u00e8 meglio confermare al momento della prenotazione.<\/span><\/p><div class=\"qwen-markdown-space\">\u00a0<\/div><div class=\"qwen-markdown-hr\"><hr \/><\/div><div class=\"qwen-markdown-space\">\u00a0<\/div><h3 class=\"qwen-markdown-heading\"><span class=\"qwen-markdown-text\">\u26a0\ufe0f Piccole critiche: cosa alcuni ospiti avrebbero voluto fosse migliore<\/span><\/h3><p class=\"qwen-markdown-paragraph\"><span class=\"qwen-markdown-text\">Nessun hotel \u00e8 perfetto e alcuni recensori hanno condiviso un feedback costruttivo:<\/span><\/p><div class=\"qwen-markdown-space\">\u00a0<\/div><ul class=\"qwen-markdown-list\" dir=\"auto\"><li><strong class=\"qwen-markdown-strong\"><span class=\"qwen-markdown-text\">Possibilit\u00e0 limitate di cenare la sera<\/span><\/strong><span class=\"qwen-markdown-text\">:Alcuni ospiti avrebbero preferito che ci fossero pi\u00f9 scelte di cibo a tarda notte, oltre allo snack bar o ai venditori ambulanti nelle vicinanze.<\/span><\/li><li><strong class=\"qwen-markdown-strong\"><span class=\"qwen-markdown-text\">Arredamento di base<\/span><\/strong><span class=\"qwen-markdown-text\">: Sebbene pulito e funzionale, alcuni ospiti si aspettavano finiture leggermente pi\u00f9 raffinate rispetto agli standard a 5 stelle di altre strutture di Guangzhou.<\/span><\/li><li><strong class=\"qwen-markdown-strong\"><span class=\"qwen-markdown-text\">Disponibilit\u00e0 di parcheggio<\/span><\/strong><span class=\"qwen-markdown-text\">: Sebbene il parcheggio sia gratuito, durante l&#039;alta stagione i posti possono riempirsi rapidamente: si consiglia di arrivare presto.<\/span><\/li><\/ul><div class=\"qwen-markdown-space\">\u00a0<\/div><p class=\"qwen-markdown-paragraph\"><span class=\"qwen-markdown-text\">Un recensore lo ha riassunto bene: <\/span><\/p><blockquote class=\"qwen-markdown-blockquote\"><p class=\"qwen-markdown-paragraph\"><span class=\"qwen-markdown-text\">\u201c&quot;Non \u00e8 lusso, ma il rapporto qualit\u00e0-prezzo \u00e8 onesto. Se cercate una base pulita, confortevole e conveniente vicino al Chimelong Safari Park, questo \u00e8 il posto che fa per voi. Non aspettatevi ristoranti stellati Michelin o hall in marmo... ma aspettatevi tutto il necessario per godervi il vostro viaggio senza stress.&quot;\u201d<\/span><\/p><\/blockquote><div class=\"qwen-markdown-space\">\u00a0<\/div><div class=\"qwen-markdown-hr\"><hr \/><\/div><div class=\"qwen-markdown-space\">\u00a0<\/div><h3 class=\"qwen-markdown-heading\"><span class=\"qwen-markdown-text\">\ud83d\udcbc Note del viaggiatore d&#039;affari: sorprendentemente ben equipaggiato per il lavoro<\/span><\/h3><p class=\"qwen-markdown-paragraph\"><span class=\"qwen-markdown-text\">Sorprendentemente, anche i viaggiatori d&#039;affari danno al Grandee Hotel un punteggio elevato. Con <\/span><strong class=\"qwen-markdown-strong\"><span class=\"qwen-markdown-text\">Wi-Fi affidabile<\/span><\/strong><span class=\"qwen-markdown-text\">, <\/span><strong class=\"qwen-markdown-strong\"><span class=\"qwen-markdown-text\">spazi di lavoro silenziosi<\/span><\/strong><span class=\"qwen-markdown-text\">, E <\/span><strong class=\"qwen-markdown-strong\"><span class=\"qwen-markdown-text\">Assistenza alla reception 24 ore su 24<\/span><\/strong><span class=\"qwen-markdown-text\">, \u00c8 diventato un punto di riferimento per i professionisti che partecipano a meeting o conferenze a Panyu. La vicinanza dell&#039;hotel alle stazioni della metropolitana (la stazione di Hanxi Changlong \u00e8 a soli 1,4 km) rende agevoli gli spostamenti verso il centro di Guangzhou o l&#039;aeroporto di Baiyun (48,8 km).<\/span><\/p><div class=\"qwen-markdown-space\">\u00a0<\/div><blockquote class=\"qwen-markdown-blockquote\"><p class=\"qwen-markdown-paragraph\"><span class=\"qwen-markdown-text\">\u201c&quot;Ho soggiornato qui per un meeting di tre giorni con un cliente qui vicino. La sala era silenziosa, il Wi-Fi non si \u00e8 mai interrotto e ho potuto prendere un caff\u00e8 veloce al piano di sotto prima della mia chiamata delle 8 del mattino. Per i viaggi di lavoro, \u00e8 sottovalutato.&quot;\u201d<\/span><\/p><\/blockquote><div class=\"qwen-markdown-space\">\u00a0<\/div><div class=\"qwen-markdown-hr\"><hr \/><\/div><div class=\"qwen-markdown-space\">\u00a0<\/div><h3 class=\"qwen-markdown-heading\"><span class=\"qwen-markdown-text\">\ud83c\udf1f Verdetto finale: perch\u00e9 il Grandee Hotel \u00e8 un gioiello nascosto vicino al Chimelong Safari Park<\/span><\/h3><p class=\"qwen-markdown-paragraph\"><span class=\"qwen-markdown-text\">Con il suo <\/span><strong class=\"qwen-markdown-strong\"><span class=\"qwen-markdown-text\">Valutazione 9,5\/10<\/span><\/strong><span class=\"qwen-markdown-text\">, <\/span><strong class=\"qwen-markdown-strong\"><span class=\"qwen-markdown-text\">prezzi convenienti a partire da $20\/notte<\/span><\/strong><span class=\"qwen-markdown-text\">, E <\/span><strong class=\"qwen-markdown-strong\"><span class=\"qwen-markdown-text\">accesso a piedi a uno dei parchi naturali pi\u00f9 importanti dell&#039;Asia<\/span><\/strong><span class=\"qwen-markdown-text\">, Il Grandee Hotel (Guangzhou Panyu Chimelong Safari Park Branch) offre un rapporto qualit\u00e0-prezzo eccezionale. Non si propone di essere l&#039;hotel pi\u00f9 lussuoso di Guangzhou, ma si concentra su ci\u00f2 che pi\u00f9 conta per gli ospiti: <\/span><strong class=\"qwen-markdown-strong\"><span class=\"qwen-markdown-text\">pulizia, comfort, comodit\u00e0 e gentilezza<\/span><\/strong><span class=\"qwen-markdown-text\">.<\/span><\/p><div class=\"qwen-markdown-space\">\u00a0<\/div><p class=\"qwen-markdown-paragraph\"><span class=\"qwen-markdown-text\">Che stiate pianificando un safari avventuroso nel fine settimana, una vacanza di pi\u00f9 giorni in famiglia o un breve viaggio di lavoro con tempo libero incluso, il Grandee Hotel offre un soggiorno accogliente, efficiente e sorprendentemente piacevole proprio nel cuore del quartiere dei divertimenti di Panyu.<\/span><\/p><div class=\"qwen-markdown-space\">\u00a0<\/div><p class=\"qwen-markdown-paragraph\" data-spm-anchor-id=\"a2ty_o01.29997173.0.i153.3f8f5171Mo5YDu\"><em><span class=\"qwen-markdown-text\">Prenota oggi stesso il tuo soggiorno e scopri perch\u00e9 migliaia di viaggiatori scelgono il Grandee Hotel come base di fiducia per ricordi indimenticabili al Chimelong Safari Park.<\/span><\/em><\/p>\t\t\t\t\t\t\t\t<\/div>\n\t\t\t\t\t<\/div>\n\t\t\t\t<\/div>\n\t\t\t\t<\/div>","protected":false},"excerpt":{"rendered":"<p>Grandee Hotel (Guangzhou Panyu Chimelong Safari Park Branch) \u2013 Real Guest Reviews &amp; Unfiltered Customer Experiences You Can Trust Located at No. 463 Fushi Road, Panyu District, Guangzhou, the Grandee Hotel (Guangzhou Panyu Chimelong Safari Park Branch) has earned a stellar reputation among travelers \u2014 boasting an impressive 9.5\/10 rating from 979 verified guest reviews [&hellip;]<\/p>\n","protected":false},"author":1,"featured_media":0,"parent":0,"menu_order":0,"comment_status":"closed","ping_status":"closed","template":"","meta":{"footnotes":""},"class_list":["post-2106","page","type-page","status-publish","hentry","post-no-thumbnail"],"_links":{"self":[{"href":"https:\/\/grandeehotel.com\/it\/wp-json\/wp\/v2\/pages\/2106","targetHints":{"allow":["GET"]}}],"collection":[{"href":"https:\/\/grandeehotel.com\/it\/wp-json\/wp\/v2\/pages"}],"about":[{"href":"https:\/\/grandeehotel.com\/it\/wp-json\/wp\/v2\/types\/page"}],"author":[{"embeddable":true,"href":"https:\/\/grandeehotel.com\/it\/wp-json\/wp\/v2\/users\/1"}],"replies":[{"embeddable":true,"href":"https:\/\/grandeehotel.com\/it\/wp-json\/wp\/v2\/comments?post=2106"}],"version-history":[{"count":0,"href":"https:\/\/grandeehotel.com\/it\/wp-json\/wp\/v2\/pages\/2106\/revisions"}],"wp:attachment":[{"href":"https:\/\/grandeehotel.com\/it\/wp-json\/wp\/v2\/media?parent=2106"}],"curies":[{"name":"wp","href":"https:\/\/api.w.org\/{rel}","templated":true}]}}