{"id":5266,"date":"2021-07-18T08:03:35","date_gmt":"2021-07-18T08:03:35","guid":{"rendered":"https:\/\/nuss.uxper.co\/luxury-resort\/?page_id=5266"},"modified":"2026-01-12T17:56:24","modified_gmt":"2026-01-12T17:56:24","slug":"a-propos-de-nous","status":"publish","type":"page","link":"https:\/\/grandeehotel.com\/fr\/about-us\/","title":{"rendered":"\u00c0 propos de nous"},"content":{"rendered":"<div data-elementor-type=\"wp-page\" data-elementor-id=\"5266\" class=\"elementor elementor-5266\">\n\t\t\t\t\t\t<section class=\"elementor-section elementor-top-section elementor-element elementor-element-10416953 elementor-section-boxed elementor-section-gap-beside-yes elementor-section-height-default elementor-section-height-default elementor-section-column-vertical-align-stretch\" data-id=\"10416953\" data-element_type=\"section\" data-e-type=\"section\">\n\t\t\t\t\t\t<div class=\"elementor-container elementor-column-gap-extended\">\n\t\t\t\t\t<div class=\"elementor-column elementor-col-100 elementor-top-column elementor-element elementor-element-29c6aa8\" data-id=\"29c6aa8\" data-element_type=\"column\" data-e-type=\"column\">\n\t\t\t<div class=\"elementor-widget-wrap elementor-element-populated\">\n\t\t\t\t\t\t<div class=\"elementor-element elementor-element-7be18fe7 elementor-widget__width-initial elementor-invisible elementor-widget elementor-widget-text-editor\" data-id=\"7be18fe7\" data-element_type=\"widget\" data-e-type=\"widget\" data-settings=\"{&quot;_animation&quot;:&quot;nussFadeInUp&quot;}\" data-widget_type=\"text-editor.default\">\n\t\t\t\t\t\t\t\t\t<div class=\"svelte-1c06zsf\" data-lang-code=\"\"><p class=\"qwen-markdown-paragraph\"><strong class=\"qwen-markdown-strong\"><span class=\"qwen-markdown-text\" data-spm-anchor-id=\"a2ty_o01.29997173.0.i130.3f8f5171Mo5YDu\">Grandee Hotel (succursale du parc safari de Guangzhou Panyu Chimelong) \u2013 Votre porte d&#039;entr\u00e9e vers l&#039;aventure et le confort dans le sud de la Chine<\/span><\/strong><\/p><\/div>\t\t\t\t\t\t\t\t<\/div>\n\t\t\t\t\t<\/div>\n\t\t<\/div>\n\t\t\t\t\t<\/div>\n\t\t<\/section>\n\t\t\t\t<section class=\"elementor-section elementor-top-section elementor-element elementor-element-7d18327f elementor-section-boxed elementor-section-gap-beside-yes elementor-section-height-default elementor-section-height-default elementor-section-column-vertical-align-stretch\" data-id=\"7d18327f\" data-element_type=\"section\" data-e-type=\"section\">\n\t\t\t\t\t\t<div class=\"elementor-container elementor-column-gap-extended\">\n\t\t\t\t\t<div class=\"elementor-column elementor-col-50 elementor-top-column elementor-element elementor-element-56533670\" data-id=\"56533670\" data-element_type=\"column\" data-e-type=\"column\">\n\t\t\t<div class=\"elementor-widget-wrap elementor-element-populated\">\n\t\t\t\t\t\t<div class=\"elementor-element elementor-element-19c3f543 elementor-drop-cap-yes elementor-drop-cap-view-default elementor-invisible elementor-widget elementor-widget-text-editor\" data-id=\"19c3f543\" data-element_type=\"widget\" data-e-type=\"widget\" data-settings=\"{&quot;_animation&quot;:&quot;nussFadeInUp&quot;,&quot;drop_cap&quot;:&quot;yes&quot;}\" data-widget_type=\"text-editor.default\">\n\t\t\t\t\t\t\t\t\t<p class=\"qwen-markdown-paragraph\"><span class=\"qwen-markdown-text\" data-spm-anchor-id=\"a2ty_o01.29997173.0.i132.3f8f5171Mo5YDu\">Nich\u00e9 \u00e0 <\/span><strong class=\"qwen-markdown-strong\"><span class=\"qwen-markdown-text\">No. 463, route Fushi, district de Panyu, Guangzhou<\/span><\/strong><span class=\"qwen-markdown-text\">, le <\/span><strong class=\"qwen-markdown-strong\"><span class=\"qwen-markdown-text\">Grandee Hotel (Succursale du parc safari de Guangzhou Panyu Chimelong)<\/span><\/strong><span class=\"qwen-markdown-text\"> offre un m\u00e9lange harmonieux de commodit\u00e9, de confort et de charme aux voyageurs recherchant la proximit\u00e9 de l&#039;une des destinations animali\u00e8res les plus palpitantes d&#039;Asie \u2014 <\/span><strong class=\"qwen-markdown-strong\"><span class=\"qwen-markdown-text\">Parc safari de Chimelong<\/span><\/strong><span class=\"qwen-markdown-text\" data-spm-anchor-id=\"a2ty_o01.29997173.0.i131.3f8f5171Mo5YDu\">. Que vous soyez une famille partant \u00e0 l&#039;aventure en safari, un explorateur solitaire en qu\u00eate d&#039;exp\u00e9riences culturelles ou un voyageur d&#039;affaires ayant besoin d&#039;un refuge paisible \u00e0 proximit\u00e9 des principales attractions, cet h\u00f4tel moderne offre un rapport qualit\u00e9-prix exceptionnel gr\u00e2ce \u00e0 ses \u00e9quipements soigneusement con\u00e7us, son accueil chaleureux et son emplacement incomparable.<\/span><\/p>\t\t\t\t\t\t\t\t<\/div>\n\t\t\t\t\t<\/div>\n\t\t<\/div>\n\t\t\t\t<div class=\"elementor-column elementor-col-50 elementor-top-column elementor-element elementor-element-30f14127\" data-id=\"30f14127\" data-element_type=\"column\" data-e-type=\"column\">\n\t\t\t<div class=\"elementor-widget-wrap elementor-element-populated\">\n\t\t\t\t\t\t<div class=\"elementor-element elementor-element-59aea08 elementor-widget elementor-widget-image\" data-id=\"59aea08\" data-element_type=\"widget\" data-e-type=\"widget\" data-widget_type=\"image.default\">\n\t\t\t\t\t\t\t\t\t\t\t\t\t\t\t<img fetchpriority=\"high\" decoding=\"async\" width=\"1024\" height=\"768\" src=\"https:\/\/grandeehotel.com\/wp-content\/uploads\/2026\/01\/grandee-hotel-guangzhou-47-1024x768.webp\" class=\"attachment-large size-large wp-image-7233\" alt=\"\" srcset=\"https:\/\/grandeehotel.com\/wp-content\/uploads\/2026\/01\/grandee-hotel-guangzhou-47-1024x768.webp 1024w, https:\/\/grandeehotel.com\/wp-content\/uploads\/2026\/01\/grandee-hotel-guangzhou-47-300x225.webp 300w, https:\/\/grandeehotel.com\/wp-content\/uploads\/2026\/01\/grandee-hotel-guangzhou-47-768x576.webp 768w, https:\/\/grandeehotel.com\/wp-content\/uploads\/2026\/01\/grandee-hotel-guangzhou-47-16x12.webp 16w, https:\/\/grandeehotel.com\/wp-content\/uploads\/2026\/01\/grandee-hotel-guangzhou-47.webp 1138w\" sizes=\"(max-width: 1024px) 100vw, 1024px\" \/>\t\t\t\t\t\t\t\t\t\t\t\t\t\t\t<\/div>\n\t\t\t\t\t<\/div>\n\t\t<\/div>\n\t\t\t\t\t<\/div>\n\t\t<\/section>\n\t\t\t\t<section class=\"elementor-section elementor-top-section elementor-element elementor-element-29fb8578 elementor-section-height-min-height elementor-section-stretched elementor-section-full_width elementor-section-items-stretch elementor-section-height-default elementor-section-column-vertical-align-stretch\" data-id=\"29fb8578\" data-element_type=\"section\" data-e-type=\"section\" data-settings=\"{&quot;stretch_section&quot;:&quot;section-stretched&quot;}\">\n\t\t\t\t\t\t<div class=\"elementor-container elementor-column-gap-no\">\n\t\t\t\t\t<div class=\"elementor-column elementor-col-50 elementor-top-column elementor-element elementor-element-40ac270b\" data-id=\"40ac270b\" data-element_type=\"column\" data-e-type=\"column\">\n\t\t\t<div class=\"elementor-widget-wrap elementor-element-populated\">\n\t\t\t\t\t\t<div class=\"elementor-element elementor-element-20872773 elementor-widget__width-initial elementor-widget-mobile__width-inherit elementor-invisible nuss-elementor-loading nuss-slide-in-right elementor-widget elementor-widget-image\" data-id=\"20872773\" data-element_type=\"widget\" data-e-type=\"widget\" data-settings=\"{&quot;_animation&quot;:&quot;nussSlideInRight&quot;}\" data-widget_type=\"image.default\">\n\t\t\t\t\t\t\t\t\t\t\t\t\t\t\t<img decoding=\"async\" width=\"1280\" height=\"853\" src=\"https:\/\/grandeehotel.com\/wp-content\/uploads\/2026\/01\/grandee-hotel-guangzhou-70.webp\" class=\"attachment-full size-full wp-image-7256\" alt=\"\" srcset=\"https:\/\/grandeehotel.com\/wp-content\/uploads\/2026\/01\/grandee-hotel-guangzhou-70.webp 1280w, https:\/\/grandeehotel.com\/wp-content\/uploads\/2026\/01\/grandee-hotel-guangzhou-70-300x200.webp 300w, https:\/\/grandeehotel.com\/wp-content\/uploads\/2026\/01\/grandee-hotel-guangzhou-70-1024x682.webp 1024w, https:\/\/grandeehotel.com\/wp-content\/uploads\/2026\/01\/grandee-hotel-guangzhou-70-768x512.webp 768w, https:\/\/grandeehotel.com\/wp-content\/uploads\/2026\/01\/grandee-hotel-guangzhou-70-18x12.webp 18w\" sizes=\"(max-width: 1280px) 100vw, 1280px\" \/>\t\t\t\t\t\t\t\t\t\t\t\t\t\t\t<\/div>\n\t\t\t\t\t<\/div>\n\t\t<\/div>\n\t\t\t\t<div class=\"elementor-column elementor-col-50 elementor-top-column elementor-element elementor-element-2dac103\" data-id=\"2dac103\" data-element_type=\"column\" data-e-type=\"column\">\n\t\t\t<div class=\"elementor-widget-wrap elementor-element-populated\">\n\t\t\t\t\t\t<div class=\"elementor-element elementor-element-6f1b8966 elementor-invisible elementor-widget elementor-widget-text-editor\" data-id=\"6f1b8966\" data-element_type=\"widget\" data-e-type=\"widget\" data-settings=\"{&quot;_animation&quot;:&quot;nussFadeInUp&quot;}\" data-widget_type=\"text-editor.default\">\n\t\t\t\t\t\t\t\t\t<p class=\"qwen-markdown-paragraph\"><span class=\"qwen-markdown-text\" data-spm-anchor-id=\"a2ty_o01.29997173.0.i133.3f8f5171Mo5YDu\">\u00c0 quelques minutes seulement de l&#039;entr\u00e9e du parc safari Chimelong, le Grandee Hotel b\u00e9n\u00e9ficie d&#039;un emplacement id\u00e9al pour les visiteurs souhaitant profiter au maximum de leur visite sans sacrifier leur confort. Apr\u00e8s une journ\u00e9e pass\u00e9e \u00e0 observer pandas, tigres et girafes, retrouvez le confort de votre chambre bien \u00e9quip\u00e9e, dot\u00e9e d&#039;une literie moelleuse, de la climatisation intelligente, du Wi-Fi gratuit et de fen\u00eatres insonoris\u00e9es \u2013 pour des nuits paisibles m\u00eame en haute saison. Les familles appr\u00e9cieront les petites attentions pour les enfants, comme les lits suppl\u00e9mentaires, la location de poussettes et les restaurants \u00e0 proximit\u00e9, tandis que les voyageurs d&#039;affaires pourront profiter des salles de r\u00e9union et du parking gratuit.<\/span><\/p><div class=\"qwen-markdown-space\">\u00a0<\/div><p class=\"qwen-markdown-paragraph\"><span class=\"qwen-markdown-text\">Au Grandee Hotel, se restaurer est \u00e0 la fois pratique et agr\u00e9able. Commencez votre journ\u00e9e par un copieux petit-d\u00e9jeuner buffet avant de partir explorer le parc, ou d\u00e9tendez-vous apr\u00e8s une journ\u00e9e bien remplie en savourant de d\u00e9licieuses sp\u00e9cialit\u00e9s cantonaises ou des plats internationaux au restaurant de l&#039;h\u00f4tel. Le service en chambre et la proximit\u00e9 des restaurants locaux vous offrent une grande flexibilit\u00e9, quel que soit votre go\u00fbt ou votre emploi du temps.<\/span><\/p>\t\t\t\t\t\t\t\t<\/div>\n\t\t\t\t\t<\/div>\n\t\t<\/div>\n\t\t\t\t\t<\/div>\n\t\t<\/section>\n\t\t\t\t<section class=\"elementor-section elementor-top-section elementor-element elementor-element-2f410d8 elementor-section-height-min-height elementor-section-stretched elementor-section-full_width elementor-section-items-stretch elementor-section-height-default elementor-section-column-vertical-align-stretch\" data-id=\"2f410d8\" data-element_type=\"section\" data-e-type=\"section\" data-settings=\"{&quot;stretch_section&quot;:&quot;section-stretched&quot;}\">\n\t\t\t\t\t\t<div class=\"elementor-container elementor-column-gap-no\">\n\t\t\t\t\t<div class=\"elementor-column elementor-col-50 elementor-top-column elementor-element elementor-element-c4287af\" data-id=\"c4287af\" data-element_type=\"column\" data-e-type=\"column\">\n\t\t\t<div class=\"elementor-widget-wrap elementor-element-populated\">\n\t\t\t\t\t\t<div class=\"elementor-element elementor-element-825e8cb elementor-invisible elementor-widget elementor-widget-text-editor\" data-id=\"825e8cb\" data-element_type=\"widget\" data-e-type=\"widget\" data-settings=\"{&quot;_animation&quot;:&quot;nussFadeInUp&quot;}\" data-widget_type=\"text-editor.default\">\n\t\t\t\t\t\t\t\t\t<p class=\"qwen-markdown-paragraph\"><span class=\"qwen-markdown-text\" data-spm-anchor-id=\"a2ty_o01.29997173.0.i135.3f8f5171Mo5YDu\">Les clients b\u00e9n\u00e9ficient \u00e9galement de services pratiques tels qu&#039;une r\u00e9ception ouverte 24h\/24, un enregistrement et un d\u00e9part express, une consigne \u00e0 bagages et une assistance pour les excursions, pour un s\u00e9jour sans stress. Gr\u00e2ce \u00e0 sa proximit\u00e9 avec le m\u00e9tro (station Hanxi Changlong \u00e0 seulement 1,4 km) et \u00e0 son emplacement \u00e0 30 minutes en voiture de l&#039;a\u00e9roport international de Guangzhou Baiyun, le Grandee Hotel vous permet d&#039;acc\u00e9der facilement aux principales attractions, aux quartiers commer\u00e7ants et aux n\u0153uds de transport de la ville.<\/span><\/p><div class=\"qwen-markdown-space\">\u00a0<\/div><p class=\"qwen-markdown-paragraph\"><span class=\"qwen-markdown-text\">Que vous planifiez une escapade de fin de semaine, des vacances familiales de plusieurs jours ou un voyage d&#039;affaires avec des moments de loisirs int\u00e9gr\u00e9s, <\/span><strong class=\"qwen-markdown-strong\"><span class=\"qwen-markdown-text\">Grandee Hotel (Succursale du parc safari de Guangzhou Panyu Chimelong)<\/span><\/strong><span class=\"qwen-markdown-text\"> promet une exp\u00e9rience inoubliable ax\u00e9e sur le confort, l&#039;accessibilit\u00e9 et un service attentionn\u00e9, en plein c\u0153ur du quartier des divertissements le plus anim\u00e9 de Guangzhou.<\/span><\/p><div class=\"qwen-markdown-space\">\u00a0<\/div><p class=\"qwen-markdown-paragraph\"><em><span class=\"qwen-markdown-text\">R\u00e9servez votre s\u00e9jour d\u00e8s aujourd&#039;hui et d\u00e9couvrez pourquoi les voyageurs choisissent le Grandee Hotel comme point de d\u00e9part id\u00e9al pour explorer le parc safari de Chimelong et ses environs.<\/span><\/em><\/p>\t\t\t\t\t\t\t\t<\/div>\n\t\t\t\t\t<\/div>\n\t\t<\/div>\n\t\t\t\t<div class=\"elementor-column elementor-col-50 elementor-top-column elementor-element elementor-element-1adc0a3\" data-id=\"1adc0a3\" data-element_type=\"column\" data-e-type=\"column\">\n\t\t\t<div class=\"elementor-widget-wrap elementor-element-populated\">\n\t\t\t\t\t\t<div class=\"elementor-element elementor-element-346af92 elementor-widget__width-initial elementor-widget-mobile__width-inherit elementor-invisible nuss-elementor-loading nuss-slide-in-right elementor-widget elementor-widget-image\" data-id=\"346af92\" data-element_type=\"widget\" data-e-type=\"widget\" data-settings=\"{&quot;_animation&quot;:&quot;nussSlideInRight&quot;}\" data-widget_type=\"image.default\">\n\t\t\t\t\t\t\t\t\t\t\t\t\t\t\t<img decoding=\"async\" width=\"1139\" height=\"853\" src=\"https:\/\/grandeehotel.com\/wp-content\/uploads\/2026\/01\/grandee-hotel-guangzhou-3.webp\" class=\"attachment-full size-full wp-image-7189\" alt=\"\" srcset=\"https:\/\/grandeehotel.com\/wp-content\/uploads\/2026\/01\/grandee-hotel-guangzhou-3.webp 1139w, https:\/\/grandeehotel.com\/wp-content\/uploads\/2026\/01\/grandee-hotel-guangzhou-3-300x225.webp 300w, https:\/\/grandeehotel.com\/wp-content\/uploads\/2026\/01\/grandee-hotel-guangzhou-3-1024x767.webp 1024w, https:\/\/grandeehotel.com\/wp-content\/uploads\/2026\/01\/grandee-hotel-guangzhou-3-768x575.webp 768w, https:\/\/grandeehotel.com\/wp-content\/uploads\/2026\/01\/grandee-hotel-guangzhou-3-16x12.webp 16w\" sizes=\"(max-width: 1139px) 100vw, 1139px\" \/>\t\t\t\t\t\t\t\t\t\t\t\t\t\t\t<\/div>\n\t\t\t\t\t<\/div>\n\t\t<\/div>\n\t\t\t\t\t<\/div>\n\t\t<\/section>\n\t\t\t\t<\/div>","protected":false},"excerpt":{"rendered":"<p>Grandee Hotel (Guangzhou Panyu Chimelong Safari Park Branch) \u2013 Your Gateway to Adventure &amp; Comfort in Southern China Nestled at No. 463 Fushi Road, Panyu District, Guangzhou, the Grandee Hotel (Guangzhou Panyu Chimelong Safari Park Branch) offers a seamless blend of convenience, comfort, and charm for travelers seeking proximity to one of Asia\u2019s most thrilling [&hellip;]<\/p>\n","protected":false},"author":1,"featured_media":0,"parent":0,"menu_order":0,"comment_status":"closed","ping_status":"closed","template":"","meta":{"footnotes":""},"class_list":["post-5266","page","type-page","status-publish","hentry","post-no-thumbnail"],"_links":{"self":[{"href":"https:\/\/grandeehotel.com\/fr\/wp-json\/wp\/v2\/pages\/5266","targetHints":{"allow":["GET"]}}],"collection":[{"href":"https:\/\/grandeehotel.com\/fr\/wp-json\/wp\/v2\/pages"}],"about":[{"href":"https:\/\/grandeehotel.com\/fr\/wp-json\/wp\/v2\/types\/page"}],"author":[{"embeddable":true,"href":"https:\/\/grandeehotel.com\/fr\/wp-json\/wp\/v2\/users\/1"}],"replies":[{"embeddable":true,"href":"https:\/\/grandeehotel.com\/fr\/wp-json\/wp\/v2\/comments?post=5266"}],"version-history":[{"count":0,"href":"https:\/\/grandeehotel.com\/fr\/wp-json\/wp\/v2\/pages\/5266\/revisions"}],"wp:attachment":[{"href":"https:\/\/grandeehotel.com\/fr\/wp-json\/wp\/v2\/media?parent=5266"}],"curies":[{"name":"wp","href":"https:\/\/api.w.org\/{rel}","templated":true}]}}