{"id":2106,"date":"2021-03-25T04:08:26","date_gmt":"2021-03-25T04:08:26","guid":{"rendered":"http:\/\/localhost\/nuss\/?page_id=298"},"modified":"2026-01-12T18:15:55","modified_gmt":"2026-01-12T18:15:55","slug":"experiences","status":"publish","type":"page","link":"https:\/\/grandeehotel.com\/fr\/experiences\/","title":{"rendered":"Exp\u00e9riences et avis clients"},"content":{"rendered":"<div data-elementor-type=\"wp-page\" data-elementor-id=\"2106\" class=\"elementor elementor-2106\">\n\t\t\t\t\t\t<section class=\"elementor-section elementor-top-section elementor-element elementor-element-1954ffc elementor-section-boxed elementor-section-gap-beside-yes elementor-section-height-default elementor-section-height-default elementor-section-column-vertical-align-stretch\" data-id=\"1954ffc\" data-element_type=\"section\" data-e-type=\"section\">\n\t\t\t\t\t\t<div class=\"elementor-container elementor-column-gap-extended\">\n\t\t\t\t\t<div class=\"elementor-column elementor-col-100 elementor-top-column elementor-element elementor-element-86aebc5\" data-id=\"86aebc5\" data-element_type=\"column\" data-e-type=\"column\">\n\t\t\t<div class=\"elementor-widget-wrap elementor-element-populated\">\n\t\t\t\t\t\t<div class=\"elementor-element elementor-element-11803d1 elementor-widget__width-initial elementor-invisible elementor-widget elementor-widget-text-editor\" data-id=\"11803d1\" data-element_type=\"widget\" data-e-type=\"widget\" data-settings=\"{&quot;_animation&quot;:&quot;nussFadeInUp&quot;}\" data-widget_type=\"text-editor.default\">\n\t\t\t\t\t\t\t\t\t<div class=\"svelte-1c06zsf\" data-lang-code=\"\"><p class=\"qwen-markdown-paragraph\" data-spm-anchor-id=\"a2ty_o01.29997173.0.i149.3f8f5171Mo5YDu\"><strong class=\"qwen-markdown-strong\"><span class=\"qwen-markdown-text\" data-spm-anchor-id=\"a2ty_o01.29997173.0.i150.3f8f5171Mo5YDu\">Grandee Hotel (succursale du parc safari de Guangzhou Panyu Chimelong) \u2013 Avis clients authentiques et t\u00e9moignages non filtr\u00e9s auxquels vous pouvez vous fier<\/span><\/strong><\/p><\/div>\t\t\t\t\t\t\t\t<\/div>\n\t\t\t\t\t<\/div>\n\t\t<\/div>\n\t\t\t\t\t<\/div>\n\t\t<\/section>\n\t\t<div class=\"elementor-element elementor-element-95e7268 e-flex e-con-boxed e-con e-parent\" data-id=\"95e7268\" data-element_type=\"container\" data-e-type=\"container\">\n\t\t\t\t\t<div class=\"e-con-inner\">\n\t\t\t\t<div class=\"elementor-element elementor-element-bd47571 elementor-widget elementor-widget-image\" data-id=\"bd47571\" data-element_type=\"widget\" data-e-type=\"widget\" data-widget_type=\"image.default\">\n\t\t\t\t\t\t\t\t\t\t\t\t\t\t\t\t<a href=\"https:\/\/www.trip.com\/hotels\/guangzhou-hotel-detail-129977293\/grandee-hotel\/?Allianceid=7451095&#038;SID=288690032&#038;trip_sub1=&#038;trip_sub3=D10219323\" target=\"_blank\" rel=\"noopener\">\n\t\t\t\t\t\t\t<img fetchpriority=\"high\" decoding=\"async\" width=\"1740\" height=\"1683\" src=\"https:\/\/grandeehotel.com\/wp-content\/uploads\/2026\/01\/Grandee-Hotel-Reviews.png\" class=\"attachment-full size-full wp-image-7376\" alt=\"\" srcset=\"https:\/\/grandeehotel.com\/wp-content\/uploads\/2026\/01\/Grandee-Hotel-Reviews.png 1740w, https:\/\/grandeehotel.com\/wp-content\/uploads\/2026\/01\/Grandee-Hotel-Reviews-300x290.png 300w, https:\/\/grandeehotel.com\/wp-content\/uploads\/2026\/01\/Grandee-Hotel-Reviews-1024x990.png 1024w, https:\/\/grandeehotel.com\/wp-content\/uploads\/2026\/01\/Grandee-Hotel-Reviews-768x743.png 768w, https:\/\/grandeehotel.com\/wp-content\/uploads\/2026\/01\/Grandee-Hotel-Reviews-1536x1486.png 1536w, https:\/\/grandeehotel.com\/wp-content\/uploads\/2026\/01\/Grandee-Hotel-Reviews-12x12.png 12w\" sizes=\"(max-width: 1740px) 100vw, 1740px\" \/>\t\t\t\t\t\t\t\t<\/a>\n\t\t\t\t\t\t\t\t\t\t\t\t\t\t\t<\/div>\n\t\t\t\t\t<\/div>\n\t\t\t\t<\/div>\n\t\t<div class=\"elementor-element elementor-element-f432b71 e-flex e-con-boxed e-con e-parent\" data-id=\"f432b71\" data-element_type=\"container\" data-e-type=\"container\">\n\t\t\t\t\t<div class=\"e-con-inner\">\n\t\t\t\t<div class=\"elementor-element elementor-element-f643b21 elementor-widget elementor-widget-text-editor\" data-id=\"f643b21\" data-element_type=\"widget\" data-e-type=\"widget\" data-widget_type=\"text-editor.default\">\n\t\t\t\t\t\t\t\t\t<p class=\"qwen-markdown-paragraph\"><span class=\"qwen-markdown-text\" data-spm-anchor-id=\"a2ty_o01.29997173.0.i152.3f8f5171Mo5YDu\">Situ\u00e9 \u00e0 <\/span><strong class=\"qwen-markdown-strong\"><span class=\"qwen-markdown-text\">No. 463, route Fushi, district de Panyu, Guangzhou<\/span><\/strong><span class=\"qwen-markdown-text\">, le <\/span><strong class=\"qwen-markdown-strong\"><span class=\"qwen-markdown-text\">Grandee Hotel (Succursale du parc safari de Guangzhou Panyu Chimelong)<\/span><\/strong><span class=\"qwen-markdown-text\"> s&#039;est forg\u00e9 une excellente r\u00e9putation aupr\u00e8s des voyageurs, avec une capacit\u00e9 impressionnante <\/span><strong class=\"qwen-markdown-strong\"><span class=\"qwen-markdown-text\">Note de 9,5\/10 bas\u00e9e sur 979 avis clients v\u00e9rifi\u00e9s.<\/span><\/strong><span class=\"qwen-markdown-text\" data-spm-anchor-id=\"a2ty_o01.29997173.0.i151.3f8f5171Mo5YDu\"> Sur Trip.com. Bien plus qu&#039;un simple lieu de repos apr\u00e8s une journ\u00e9e au parc safari de Chimelong, cet h\u00f4tel 5 \u00e9toiles moderne enchante ses clients par son excellent rapport qualit\u00e9-prix, son service attentionn\u00e9 et son emplacement strat\u00e9gique. Que vous voyagiez en famille, seul ou pour affaires, les avis de voyageurs authentiques expliquent pourquoi le Grandee Hotel se distingue dans l&#039;un des axes touristiques les plus pris\u00e9s de Chine.<\/span><\/p><div class=\"qwen-markdown-space\">\u00a0<\/div><div class=\"qwen-markdown-hr\"><hr \/><\/div><div class=\"qwen-markdown-space\">\u00a0<\/div><h3 class=\"qwen-markdown-heading\"><span class=\"qwen-markdown-text\">\u2705 Ce que les clients appr\u00e9cient le plus\u00a0: l\u2019emplacement, le rapport qualit\u00e9-prix et l\u2019ambiance familiale<\/span><\/h3><p class=\"qwen-markdown-paragraph\"><span class=\"qwen-markdown-text\">La raison pour laquelle les clients choisissent l&#039;h\u00f4tel Grandee ? <\/span><strong class=\"qwen-markdown-strong\"><span class=\"qwen-markdown-text\">proximit\u00e9 incomparable avec le parc safari de Chimelong<\/span><\/strong><span class=\"qwen-markdown-text\"> \u2014 \u00e0 quelques pas seulement de zones embl\u00e9matiques comme le <\/span><strong class=\"qwen-markdown-strong\"><span class=\"qwen-markdown-text\">Enclos des gu\u00e9pards africains (0,7 km)<\/span><\/strong><span class=\"qwen-markdown-text\">, <\/span><strong class=\"qwen-markdown-strong\"><span class=\"qwen-markdown-text\">Corridor africain (0,35 km)<\/span><\/strong><span class=\"qwen-markdown-text\">, et <\/span><strong class=\"qwen-markdown-strong\"><span class=\"qwen-markdown-text\">Plateau sud-africain (0,48 km)<\/span><\/strong><span class=\"qwen-markdown-text\">. De nombreux avis soulignent la facilit\u00e9 avec laquelle on peut retourner \u00e0 l&#039;h\u00f4tel pour faire une sieste, prendre une douche ou d\u00e9jeuner rapidement entre deux excursions dans les parcs \u2013 un atout particuli\u00e8rement appr\u00e9ci\u00e9 des familles avec de jeunes enfants.<\/span><\/p><div class=\"qwen-markdown-space\">\u00a0<\/div><p class=\"qwen-markdown-paragraph\"><span class=\"qwen-markdown-text\">Un voyageur en famille s&#039;est enthousiasm\u00e9 : <\/span><\/p><blockquote class=\"qwen-markdown-blockquote\"><p class=\"qwen-markdown-paragraph\"><span class=\"qwen-markdown-text\">\u201c Nous avions r\u00e9serv\u00e9 un forfait de deux nuits avec billets d&#039;entr\u00e9e au parc et avons \u00e9t\u00e9 ravis de la proximit\u00e9 de l&#039;entr\u00e9e. Les chambres \u00e9taient impeccables, les lits extr\u00eamement confortables et le personnel s&#039;est mis en quatre pour nous aider \u00e0 organiser notre safari. Mieux encore\u00a0: le buffet du petit-d\u00e9jeuner proposait des plats occidentaux et chinois, ce qui a fait le bonheur de tous\u00a0! \u201d<\/span><\/p><\/blockquote><div class=\"qwen-markdown-space\">\u00a0<\/div><p class=\"qwen-markdown-paragraph\"><span class=\"qwen-markdown-text\">Un autre invit\u00e9 a ajout\u00e9\u00a0: <\/span><\/p><blockquote class=\"qwen-markdown-blockquote\"><p class=\"qwen-markdown-paragraph\"><span class=\"qwen-markdown-text\">\u201c\u00a0Pour moins de 1\u00a0TP4T20 par nuit, le rapport qualit\u00e9-prix est imbattable. Chambres propres, Wi-Fi gratuit et personnel de r\u00e9ception accueillant parlant un anglais correct. Nous allions \u00e0 pied au parc tous les matins\u00a0; pas besoin d\u2019attendre les navettes.\u00a0\u201d<\/span><\/p><\/blockquote><div class=\"qwen-markdown-space\">\u00a0<\/div><div class=\"qwen-markdown-hr\"><hr \/><\/div><div class=\"qwen-markdown-space\">\u00a0<\/div><h3 class=\"qwen-markdown-heading\"><span class=\"qwen-markdown-text\">\ud83d\udecf\ufe0f Confort et \u00e9quipements des chambres\u00a0: modernes, fonctionnels et con\u00e7us avec soin<\/span><\/h3><p class=\"qwen-markdown-paragraph\"><span class=\"qwen-markdown-text\">Les clients font fr\u00e9quemment l&#039;\u00e9loge de l&#039;h\u00f4tel. <\/span><strong class=\"qwen-markdown-strong\"><span class=\"qwen-markdown-text\">chambres modernes et bien entretenues<\/span><\/strong><span class=\"qwen-markdown-text\"> Avec sa literie moelleuse, sa climatisation intelligente et ses rideaux occultants, la chambre Grandee est id\u00e9ale pour se ressourcer apr\u00e8s de longues journ\u00e9es pass\u00e9es \u00e0 explorer le parc. Moins luxueuse que l&#039;h\u00f4tel Chimelong voisin, la Grandee offre une ambiance chaleureuse et contemporaine, agr\u00e9ment\u00e9e de d\u00e9tails pratiques.<\/span><\/p><div class=\"qwen-markdown-space\">\u00a0<\/div><ul class=\"qwen-markdown-list\" dir=\"auto\"><li><strong class=\"qwen-markdown-strong\"><span class=\"qwen-markdown-text\">Wi-Fi haut d\u00e9bit gratuit<\/span><\/strong><span class=\"qwen-markdown-text\"> dans l&#039;ensemble de la propri\u00e9t\u00e9<\/span><\/li><li><strong class=\"qwen-markdown-strong\"><span class=\"qwen-markdown-text\">ports de chargement USB<\/span><\/strong><span class=\"qwen-markdown-text\"> et plusieurs prises de courant<\/span><\/li><li><strong class=\"qwen-markdown-strong\"><span class=\"qwen-markdown-text\">Mini-r\u00e9frig\u00e9rateurs<\/span><\/strong><span class=\"qwen-markdown-text\"> et des t\u00e9l\u00e9viseurs \u00e0 \u00e9cran plat dans toutes les chambres<\/span><\/li><li><strong class=\"qwen-markdown-strong\"><span class=\"qwen-markdown-text\">Fen\u00eatres insonoris\u00e9es<\/span><\/strong><span class=\"qwen-markdown-text\"> pour bloquer le bruit de la rue<\/span><\/li><li><strong class=\"qwen-markdown-strong\"><span class=\"qwen-markdown-text\">Chambres non-fumeurs<\/span><\/strong><span class=\"qwen-markdown-text\"> disponible sur demande<\/span><\/li><\/ul><div class=\"qwen-markdown-space\">\u00a0<\/div><p class=\"qwen-markdown-paragraph\"><span class=\"qwen-markdown-text\">Les familles appr\u00e9cient <\/span><strong class=\"qwen-markdown-strong\"><span class=\"qwen-markdown-text\">agencements spacieux<\/span><\/strong><span class=\"qwen-markdown-text\"> \u2014 De nombreuses chambres peuvent accueillir confortablement 3 \u00e0 4 personnes, certaines proposant des lits superpos\u00e9s ou des lits d&#039;appoint (moyennant un petit suppl\u00e9ment). Un client a fait remarquer\u00a0: <\/span><\/p><blockquote class=\"qwen-markdown-blockquote\"><p class=\"qwen-markdown-paragraph\"><span class=\"qwen-markdown-text\">\u201c Notre chambre disposait de deux lits queen et d&#039;un canap\u00e9-lit, id\u00e9al pour notre groupe de cinq. Rien \u00e0 redire sur l&#039;espace ni sur la propret\u00e9. La salle de bain \u00e9tait propre et bien \u00e9quip\u00e9e en produits de toilette de qualit\u00e9. \u201d<\/span><\/p><\/blockquote><div class=\"qwen-markdown-space\">\u00a0<\/div><div class=\"qwen-markdown-hr\"><hr \/><\/div><div class=\"qwen-markdown-space\">\u00a0<\/div><h3 class=\"qwen-markdown-heading\"><span class=\"qwen-markdown-text\">\ud83c\udf7d\ufe0f Restauration et exp\u00e9rience culinaire\u00a0: en-cas rapides, petits-d\u00e9jeuners buffet et commodit\u00e9s sur place<\/span><\/h3><p class=\"qwen-markdown-paragraph\"><span class=\"qwen-markdown-text\">Bien que l&#039;h\u00f4tel Grandee ne poss\u00e8de pas un immense restaurant gastronomique comme son voisin, les clients appr\u00e9cient beaucoup le <\/span><strong class=\"qwen-markdown-strong\"><span class=\"qwen-markdown-text\">vari\u00e9t\u00e9 et commodit\u00e9<\/span><\/strong><span class=\"qwen-markdown-text\"> ses options de restauration :<\/span><\/p><div class=\"qwen-markdown-space\">\u00a0<\/div><ul class=\"qwen-markdown-list\" dir=\"auto\"><li><strong class=\"qwen-markdown-strong\"><span class=\"qwen-markdown-text\">Buffet petit-d\u00e9jeuner de style occidental et chinois<\/span><\/strong><span class=\"qwen-markdown-text\"> servi quotidiennement \u2014 appr\u00e9ci\u00e9 pour sa fra\u00eecheur et sa vari\u00e9t\u00e9<\/span><\/li><li><strong class=\"qwen-markdown-strong\"><span class=\"qwen-markdown-text\">Caf\u00e9 et snack-bar sur place<\/span><\/strong><span class=\"qwen-markdown-text\"> pour un caf\u00e9, des viennoiseries ou une petite collation avant d&#039;aller au parc<\/span><\/li><li><strong class=\"qwen-markdown-strong\"><span class=\"qwen-markdown-text\">Service de chambre<\/span><\/strong><span class=\"qwen-markdown-text\"> Disponible pour les envies nocturnes ou les matins paresseux<\/span><\/li><li><strong class=\"qwen-markdown-strong\"><span class=\"qwen-markdown-text\">Bar du hall<\/span><\/strong><span class=\"qwen-markdown-text\"> et <\/span><strong class=\"qwen-markdown-strong\"><span class=\"qwen-markdown-text\">sup\u00e9rette\/kiosque<\/span><\/strong><span class=\"qwen-markdown-text\"> pour les collations, les boissons et les produits essentiels<\/span><\/li><li><strong class=\"qwen-markdown-strong\"><span class=\"qwen-markdown-text\">Chambres sans alcool<\/span><\/strong><span class=\"qwen-markdown-text\"> disponible sur demande \u2014 id\u00e9al pour les familles ou les personnes recherchant un environnement calme<\/span><\/li><\/ul><div class=\"qwen-markdown-space\">\u00a0<\/div><p class=\"qwen-markdown-paragraph\"><span class=\"qwen-markdown-text\">Plusieurs invit\u00e9s ont mentionn\u00e9 avoir appr\u00e9ci\u00e9 le <\/span><strong class=\"qwen-markdown-strong\"><span class=\"qwen-markdown-text\">plats cantonais locaux<\/span><\/strong><span class=\"qwen-markdown-text\"> propos\u00e9 pendant les heures du d\u00eener, tandis que d&#039;autres appr\u00e9ciaient le <\/span><strong class=\"qwen-markdown-strong\"><span class=\"qwen-markdown-text\">des options occidentales simples mais satisfaisantes<\/span><\/strong><span class=\"qwen-markdown-text\"> pour les personnes difficiles ou les voyageurs souffrant du d\u00e9calage horaire.<\/span><\/p><div class=\"qwen-markdown-space\">\u00a0<\/div><blockquote class=\"qwen-markdown-blockquote\"><p class=\"qwen-markdown-paragraph\"><span class=\"qwen-markdown-text\">\u201c Le petit-d\u00e9jeuner \u00e9tait \u00e9tonnamment bon : cr\u00eapes, \u0153ufs brouill\u00e9s, congee, dim sum, fruits et yaourt. Nous n&#039;avons m\u00eame pas eu besoin de quitter l&#039;h\u00f4tel pour d\u00e9jeuner : le snack-bar proposait des sandwichs et des nouilles parfaits. \u201d<\/span><\/p><\/blockquote><div class=\"qwen-markdown-space\">\u00a0<\/div><div class=\"qwen-markdown-hr\"><hr \/><\/div><div class=\"qwen-markdown-space\">\u00a0<\/div><h3 class=\"qwen-markdown-heading\"><span class=\"qwen-markdown-text\">\ud83d\udc68\u200d\ud83d\udc69\u200d\ud83d\udc67\u200d\ud83d\udc66 Avis des familles voyageant avec des enfants\u00a0: Adapt\u00e9 aux enfants, s\u00fbr et sans stress<\/span><\/h3><p class=\"qwen-markdown-paragraph\"><span class=\"qwen-markdown-text\">Les parents attribuent r\u00e9guli\u00e8rement d&#039;excellentes notes \u00e0 l&#039;h\u00f4tel Grandee pour son <\/span><strong class=\"qwen-markdown-strong\"><span class=\"qwen-markdown-text\">ambiance familiale<\/span><\/strong><span class=\"qwen-markdown-text\">. De la location de poussettes aux menus de petit-d\u00e9jeuner adapt\u00e9s aux enfants, en passant par des couloirs s\u00fbrs et bien \u00e9clair\u00e9s, l&#039;h\u00f4tel prend soin des familles sans les accabler de fioritures inutiles.<\/span><\/p><div class=\"qwen-markdown-space\">\u00a0<\/div><blockquote class=\"qwen-markdown-blockquote\"><p class=\"qwen-markdown-paragraph\"><span class=\"qwen-markdown-text\">\u201c Mon fils de 6 ans a ador\u00e9 la d\u00e9coration sur le th\u00e8me des animaux dans le couloir ! Le personnel lui a offert un livre de coloriage \u00e0 son arriv\u00e9e, et l&#039;\u00e9quipe de m\u00e9nage d\u00e9posait des petits jouets sur son oreiller chaque soir. Des attentions vraiment charmantes. \u201d<\/span><\/p><\/blockquote><div class=\"qwen-markdown-space\">\u00a0<\/div><p class=\"qwen-markdown-paragraph\"><span class=\"qwen-markdown-text\">Certains invit\u00e9s ont \u00e9galement remarqu\u00e9 que <\/span><strong class=\"qwen-markdown-strong\"><span class=\"qwen-markdown-text\">service de navette gratuit<\/span><\/strong><span class=\"qwen-markdown-text\"> au parc safari de Chimelong \u2014 mais la disponibilit\u00e9 peut varier, il est donc pr\u00e9f\u00e9rable de confirmer lors de la r\u00e9servation.<\/span><\/p><div class=\"qwen-markdown-space\">\u00a0<\/div><div class=\"qwen-markdown-hr\"><hr \/><\/div><div class=\"qwen-markdown-space\">\u00a0<\/div><h3 class=\"qwen-markdown-heading\"><span class=\"qwen-markdown-text\">\u26a0\ufe0f Points n\u00e9gatifs mineurs\u00a0: Ce que certains clients auraient souhait\u00e9 voir am\u00e9lior\u00e9<\/span><\/h3><p class=\"qwen-markdown-paragraph\"><span class=\"qwen-markdown-text\">Aucun h\u00f4tel n&#039;est parfait \u2014 et quelques clients ont partag\u00e9 des commentaires constructifs\u00a0:<\/span><\/p><div class=\"qwen-markdown-space\">\u00a0<\/div><ul class=\"qwen-markdown-list\" dir=\"auto\"><li><strong class=\"qwen-markdown-strong\"><span class=\"qwen-markdown-text\">Options de restauration en soir\u00e9e limit\u00e9es<\/span><\/strong><span class=\"qwen-markdown-text\">Certains clients auraient souhait\u00e9 avoir un choix plus large de restaurants en fin de soir\u00e9e, en plus du snack-bar ou des vendeurs ambulants \u00e0 proximit\u00e9.<\/span><\/li><li><strong class=\"qwen-markdown-strong\"><span class=\"qwen-markdown-text\">D\u00e9coration de base<\/span><\/strong><span class=\"qwen-markdown-text\">Bien que propres et fonctionnels, certains clients s&#039;attendaient \u00e0 des finitions l\u00e9g\u00e8rement plus haut de gamme par rapport aux standards 5 \u00e9toiles pratiqu\u00e9s ailleurs \u00e0 Guangzhou.<\/span><\/li><li><strong class=\"qwen-markdown-strong\"><span class=\"qwen-markdown-text\">Disponibilit\u00e9 du stationnement<\/span><\/strong><span class=\"qwen-markdown-text\">Bien que le stationnement soit gratuit, les places peuvent se remplir rapidement en haute saison\u00a0; il est donc conseill\u00e9 d\u2019arriver t\u00f4t.<\/span><\/li><\/ul><div class=\"qwen-markdown-space\">\u00a0<\/div><p class=\"qwen-markdown-paragraph\"><span class=\"qwen-markdown-text\">Un critique l&#039;a bien r\u00e9sum\u00e9 : <\/span><\/p><blockquote class=\"qwen-markdown-blockquote\"><p class=\"qwen-markdown-paragraph\"><span class=\"qwen-markdown-text\">\u201c Ce n&#039;est pas du luxe, mais c&#039;est un excellent rapport qualit\u00e9-prix. Si vous cherchez un pied-\u00e0-terre propre, confortable et abordable pr\u00e8s du parc safari de Chimelong, c&#039;est l&#039;endroit id\u00e9al. Ne vous attendez pas \u00e0 un restaurant \u00e9toil\u00e9 ou \u00e0 des halls en marbre\u2026 mais vous y trouverez tout le n\u00e9cessaire pour profiter pleinement de votre s\u00e9jour en toute s\u00e9r\u00e9nit\u00e9. \u201d<\/span><\/p><\/blockquote><div class=\"qwen-markdown-space\">\u00a0<\/div><div class=\"qwen-markdown-hr\"><hr \/><\/div><div class=\"qwen-markdown-space\">\u00a0<\/div><h3 class=\"qwen-markdown-heading\"><span class=\"qwen-markdown-text\">\ud83d\udcbc Remarques du voyageur d&#039;affaires\u00a0: \u00c9tonnamment bien \u00e9quip\u00e9 pour le travail<\/span><\/h3><p class=\"qwen-markdown-paragraph\"><span class=\"qwen-markdown-text\">\u00c9tonnamment, m\u00eame les voyageurs d&#039;affaires attribuent d&#039;excellentes notes \u00e0 l&#039;h\u00f4tel Grandee. <\/span><strong class=\"qwen-markdown-strong\"><span class=\"qwen-markdown-text\">Wi-Fi fiable<\/span><\/strong><span class=\"qwen-markdown-text\">, <\/span><strong class=\"qwen-markdown-strong\"><span class=\"qwen-markdown-text\">espaces de travail calmes<\/span><\/strong><span class=\"qwen-markdown-text\">, et <\/span><strong class=\"qwen-markdown-strong\"><span class=\"qwen-markdown-text\">Assistance \u00e0 la r\u00e9ception 24h\/24<\/span><\/strong><span class=\"qwen-markdown-text\">, L&#039;h\u00f4tel est devenu un lieu de pr\u00e9dilection pour les professionnels participant \u00e0 des r\u00e9unions ou des conf\u00e9rences \u00e0 Panyu. Sa proximit\u00e9 avec les stations de m\u00e9tro (la station Hanxi Changlong se trouve \u00e0 seulement 1,4 km) facilite grandement les d\u00e9placements vers le centre-ville de Guangzhou ou l&#039;a\u00e9roport de Baiyun (49 km).<\/span><\/p><div class=\"qwen-markdown-space\">\u00a0<\/div><blockquote class=\"qwen-markdown-blockquote\"><p class=\"qwen-markdown-paragraph\"><span class=\"qwen-markdown-text\">\u201c J&#039;ai s\u00e9journ\u00e9 ici pendant trois jours pour une r\u00e9union client \u00e0 proximit\u00e9. La chambre \u00e9tait calme, la connexion Wi-Fi \u00e9tait stable et j&#039;ai pu prendre un caf\u00e9 rapidement en bas avant mon appel de 8 h. Pour les voyages d&#039;affaires, c&#039;est un h\u00f4tel sous-estim\u00e9. \u201d<\/span><\/p><\/blockquote><div class=\"qwen-markdown-space\">\u00a0<\/div><div class=\"qwen-markdown-hr\"><hr \/><\/div><div class=\"qwen-markdown-space\">\u00a0<\/div><h3 class=\"qwen-markdown-heading\"><span class=\"qwen-markdown-text\">\ud83c\udf1f Verdict final\u00a0: Pourquoi l\u2019h\u00f4tel Grandee est un joyau cach\u00e9 pr\u00e8s du parc safari de Chimelong<\/span><\/h3><p class=\"qwen-markdown-paragraph\"><span class=\"qwen-markdown-text\">Avec son <\/span><strong class=\"qwen-markdown-strong\"><span class=\"qwen-markdown-text\">Note de 9,5\/10<\/span><\/strong><span class=\"qwen-markdown-text\">, <\/span><strong class=\"qwen-markdown-strong\"><span class=\"qwen-markdown-text\">Tarifs abordables \u00e0 partir de moins de $20\/nuit<\/span><\/strong><span class=\"qwen-markdown-text\">, et <\/span><strong class=\"qwen-markdown-strong\"><span class=\"qwen-markdown-text\">acc\u00e8s \u00e0 pied \u00e0 l&#039;un des plus beaux parcs animaliers d&#039;Asie<\/span><\/strong><span class=\"qwen-markdown-text\">, L&#039;h\u00f4tel Grandee (succursale du parc safari Chimelong de Guangzhou Panyu) offre un excellent rapport qualit\u00e9-prix. Il ne cherche pas \u00e0 \u00eatre l&#039;h\u00f4tel le plus luxueux de Guangzhou, mais plut\u00f4t \u00e0 se concentrer sur ce qui compte le plus pour ses clients\u00a0: <\/span><strong class=\"qwen-markdown-strong\"><span class=\"qwen-markdown-text\">propret\u00e9, confort, commodit\u00e9 et gentillesse<\/span><\/strong><span class=\"qwen-markdown-text\">.<\/span><\/p><div class=\"qwen-markdown-space\">\u00a0<\/div><p class=\"qwen-markdown-paragraph\"><span class=\"qwen-markdown-text\">Que vous planifiez un safari d&#039;un week-end, des vacances en famille de plusieurs jours ou un court voyage d&#039;affaires avec des moments de d\u00e9tente, le Grandee Hotel vous offre un s\u00e9jour accueillant, efficace et \u00e9tonnamment agr\u00e9able en plein c\u0153ur du quartier des divertissements de Panyu.<\/span><\/p><div class=\"qwen-markdown-space\">\u00a0<\/div><p class=\"qwen-markdown-paragraph\" data-spm-anchor-id=\"a2ty_o01.29997173.0.i153.3f8f5171Mo5YDu\"><em><span class=\"qwen-markdown-text\">R\u00e9servez votre s\u00e9jour d\u00e8s aujourd&#039;hui et d\u00e9couvrez pourquoi des milliers de voyageurs choisissent le Grandee Hotel comme point de d\u00e9part id\u00e9al pour vivre des souvenirs inoubliables au Chimelong Safari Park.<\/span><\/em><\/p>\t\t\t\t\t\t\t\t<\/div>\n\t\t\t\t\t<\/div>\n\t\t\t\t<\/div>\n\t\t\t\t<\/div>","protected":false},"excerpt":{"rendered":"<p>Grandee Hotel (Guangzhou Panyu Chimelong Safari Park Branch) \u2013 Real Guest Reviews &amp; Unfiltered Customer Experiences You Can Trust Located at No. 463 Fushi Road, Panyu District, Guangzhou, the Grandee Hotel (Guangzhou Panyu Chimelong Safari Park Branch) has earned a stellar reputation among travelers \u2014 boasting an impressive 9.5\/10 rating from 979 verified guest reviews [&hellip;]<\/p>\n","protected":false},"author":1,"featured_media":0,"parent":0,"menu_order":0,"comment_status":"closed","ping_status":"closed","template":"","meta":{"footnotes":""},"class_list":["post-2106","page","type-page","status-publish","hentry","post-no-thumbnail"],"_links":{"self":[{"href":"https:\/\/grandeehotel.com\/fr\/wp-json\/wp\/v2\/pages\/2106","targetHints":{"allow":["GET"]}}],"collection":[{"href":"https:\/\/grandeehotel.com\/fr\/wp-json\/wp\/v2\/pages"}],"about":[{"href":"https:\/\/grandeehotel.com\/fr\/wp-json\/wp\/v2\/types\/page"}],"author":[{"embeddable":true,"href":"https:\/\/grandeehotel.com\/fr\/wp-json\/wp\/v2\/users\/1"}],"replies":[{"embeddable":true,"href":"https:\/\/grandeehotel.com\/fr\/wp-json\/wp\/v2\/comments?post=2106"}],"version-history":[{"count":0,"href":"https:\/\/grandeehotel.com\/fr\/wp-json\/wp\/v2\/pages\/2106\/revisions"}],"wp:attachment":[{"href":"https:\/\/grandeehotel.com\/fr\/wp-json\/wp\/v2\/media?parent=2106"}],"curies":[{"name":"wp","href":"https:\/\/api.w.org\/{rel}","templated":true}]}}