{"id":5266,"date":"2021-07-18T08:03:35","date_gmt":"2021-07-18T08:03:35","guid":{"rendered":"https:\/\/nuss.uxper.co\/luxury-resort\/?page_id=5266"},"modified":"2026-01-12T17:56:24","modified_gmt":"2026-01-12T17:56:24","slug":"sobre-nosotros","status":"publish","type":"page","link":"https:\/\/grandeehotel.com\/es\/about-us\/","title":{"rendered":"Sobre nosotros"},"content":{"rendered":"<div data-elementor-type=\"wp-page\" data-elementor-id=\"5266\" class=\"elementor elementor-5266\">\n\t\t\t\t\t\t<section class=\"elementor-section elementor-top-section elementor-element elementor-element-10416953 elementor-section-boxed elementor-section-gap-beside-yes elementor-section-height-default elementor-section-height-default elementor-section-column-vertical-align-stretch\" data-id=\"10416953\" data-element_type=\"section\" data-e-type=\"section\">\n\t\t\t\t\t\t<div class=\"elementor-container elementor-column-gap-extended\">\n\t\t\t\t\t<div class=\"elementor-column elementor-col-100 elementor-top-column elementor-element elementor-element-29c6aa8\" data-id=\"29c6aa8\" data-element_type=\"column\" data-e-type=\"column\">\n\t\t\t<div class=\"elementor-widget-wrap elementor-element-populated\">\n\t\t\t\t\t\t<div class=\"elementor-element elementor-element-7be18fe7 elementor-widget__width-initial elementor-invisible elementor-widget elementor-widget-text-editor\" data-id=\"7be18fe7\" data-element_type=\"widget\" data-e-type=\"widget\" data-settings=\"{&quot;_animation&quot;:&quot;nussFadeInUp&quot;}\" data-widget_type=\"text-editor.default\">\n\t\t\t\t\t\t\t\t\t<div class=\"svelte-1c06zsf\" data-lang-code=\"\"><p class=\"qwen-markdown-paragraph\"><strong class=\"qwen-markdown-strong\"><span class=\"qwen-markdown-text\" data-spm-anchor-id=\"a2ty_o01.29997173.0.i130.3f8f5171Mo5YDu\">Hotel Grandee (Sucursal del Parque Safari Chimelong de Guangzhou Panyu): su puerta de entrada a la aventura y la comodidad en el sur de China<\/span><\/strong><\/p><\/div>\t\t\t\t\t\t\t\t<\/div>\n\t\t\t\t\t<\/div>\n\t\t<\/div>\n\t\t\t\t\t<\/div>\n\t\t<\/section>\n\t\t\t\t<section class=\"elementor-section elementor-top-section elementor-element elementor-element-7d18327f elementor-section-boxed elementor-section-gap-beside-yes elementor-section-height-default elementor-section-height-default elementor-section-column-vertical-align-stretch\" data-id=\"7d18327f\" data-element_type=\"section\" data-e-type=\"section\">\n\t\t\t\t\t\t<div class=\"elementor-container elementor-column-gap-extended\">\n\t\t\t\t\t<div class=\"elementor-column elementor-col-50 elementor-top-column elementor-element elementor-element-56533670\" data-id=\"56533670\" data-element_type=\"column\" data-e-type=\"column\">\n\t\t\t<div class=\"elementor-widget-wrap elementor-element-populated\">\n\t\t\t\t\t\t<div class=\"elementor-element elementor-element-19c3f543 elementor-drop-cap-yes elementor-drop-cap-view-default elementor-invisible elementor-widget elementor-widget-text-editor\" data-id=\"19c3f543\" data-element_type=\"widget\" data-e-type=\"widget\" data-settings=\"{&quot;_animation&quot;:&quot;nussFadeInUp&quot;,&quot;drop_cap&quot;:&quot;yes&quot;}\" data-widget_type=\"text-editor.default\">\n\t\t\t\t\t\t\t\t\t<p class=\"qwen-markdown-paragraph\"><span class=\"qwen-markdown-text\" data-spm-anchor-id=\"a2ty_o01.29997173.0.i132.3f8f5171Mo5YDu\">Ubicado en <\/span><strong class=\"qwen-markdown-strong\"><span class=\"qwen-markdown-text\">No. 463 Fushi Road, distrito de Panyu, Guangzhou<\/span><\/strong><span class=\"qwen-markdown-text\">, el <\/span><strong class=\"qwen-markdown-strong\"><span class=\"qwen-markdown-text\">Grandee Hotel (Guangzhou Panyu Chimelong Safari Park Branch)<\/span><\/strong><span class=\"qwen-markdown-text\"> ofrece una combinaci\u00f3n perfecta de conveniencia, comodidad y encanto para los viajeros que buscan proximidad a uno de los destinos de vida silvestre m\u00e1s emocionantes de Asia. <\/span><strong class=\"qwen-markdown-strong\"><span class=\"qwen-markdown-text\">Parque Safari de Chimelong<\/span><\/strong><span class=\"qwen-markdown-text\" data-spm-anchor-id=\"a2ty_o01.29997173.0.i131.3f8f5171Mo5YDu\">. Ya sea que viaje en familia en un safari, sea un explorador solitario en busca de experiencias culturales o un viajero de negocios que busca un refugio tranquilo cerca de las principales atracciones, este moderno hotel ofrece una excelente relaci\u00f3n calidad-precio con sus comodidades cuidadosamente dise\u00f1adas, su c\u00e1lida hospitalidad y su ubicaci\u00f3n inmejorable.<\/span><\/p>\t\t\t\t\t\t\t\t<\/div>\n\t\t\t\t\t<\/div>\n\t\t<\/div>\n\t\t\t\t<div class=\"elementor-column elementor-col-50 elementor-top-column elementor-element elementor-element-30f14127\" data-id=\"30f14127\" data-element_type=\"column\" data-e-type=\"column\">\n\t\t\t<div class=\"elementor-widget-wrap elementor-element-populated\">\n\t\t\t\t\t\t<div class=\"elementor-element elementor-element-59aea08 elementor-widget elementor-widget-image\" data-id=\"59aea08\" data-element_type=\"widget\" data-e-type=\"widget\" data-widget_type=\"image.default\">\n\t\t\t\t\t\t\t\t\t\t\t\t\t\t\t<img fetchpriority=\"high\" decoding=\"async\" width=\"1024\" height=\"768\" src=\"https:\/\/grandeehotel.com\/wp-content\/uploads\/2026\/01\/grandee-hotel-guangzhou-47-1024x768.webp\" class=\"attachment-large size-large wp-image-7233\" alt=\"\" srcset=\"https:\/\/grandeehotel.com\/wp-content\/uploads\/2026\/01\/grandee-hotel-guangzhou-47-1024x768.webp 1024w, https:\/\/grandeehotel.com\/wp-content\/uploads\/2026\/01\/grandee-hotel-guangzhou-47-300x225.webp 300w, https:\/\/grandeehotel.com\/wp-content\/uploads\/2026\/01\/grandee-hotel-guangzhou-47-768x576.webp 768w, https:\/\/grandeehotel.com\/wp-content\/uploads\/2026\/01\/grandee-hotel-guangzhou-47-16x12.webp 16w, https:\/\/grandeehotel.com\/wp-content\/uploads\/2026\/01\/grandee-hotel-guangzhou-47.webp 1138w\" sizes=\"(max-width: 1024px) 100vw, 1024px\" \/>\t\t\t\t\t\t\t\t\t\t\t\t\t\t\t<\/div>\n\t\t\t\t\t<\/div>\n\t\t<\/div>\n\t\t\t\t\t<\/div>\n\t\t<\/section>\n\t\t\t\t<section class=\"elementor-section elementor-top-section elementor-element elementor-element-29fb8578 elementor-section-height-min-height elementor-section-stretched elementor-section-full_width elementor-section-items-stretch elementor-section-height-default elementor-section-column-vertical-align-stretch\" data-id=\"29fb8578\" data-element_type=\"section\" data-e-type=\"section\" data-settings=\"{&quot;stretch_section&quot;:&quot;section-stretched&quot;}\">\n\t\t\t\t\t\t<div class=\"elementor-container elementor-column-gap-no\">\n\t\t\t\t\t<div class=\"elementor-column elementor-col-50 elementor-top-column elementor-element elementor-element-40ac270b\" data-id=\"40ac270b\" data-element_type=\"column\" data-e-type=\"column\">\n\t\t\t<div class=\"elementor-widget-wrap elementor-element-populated\">\n\t\t\t\t\t\t<div class=\"elementor-element elementor-element-20872773 elementor-widget__width-initial elementor-widget-mobile__width-inherit elementor-invisible nuss-elementor-loading nuss-slide-in-right elementor-widget elementor-widget-image\" data-id=\"20872773\" data-element_type=\"widget\" data-e-type=\"widget\" data-settings=\"{&quot;_animation&quot;:&quot;nussSlideInRight&quot;}\" data-widget_type=\"image.default\">\n\t\t\t\t\t\t\t\t\t\t\t\t\t\t\t<img decoding=\"async\" width=\"1280\" height=\"853\" src=\"https:\/\/grandeehotel.com\/wp-content\/uploads\/2026\/01\/grandee-hotel-guangzhou-70.webp\" class=\"attachment-full size-full wp-image-7256\" alt=\"\" srcset=\"https:\/\/grandeehotel.com\/wp-content\/uploads\/2026\/01\/grandee-hotel-guangzhou-70.webp 1280w, https:\/\/grandeehotel.com\/wp-content\/uploads\/2026\/01\/grandee-hotel-guangzhou-70-300x200.webp 300w, https:\/\/grandeehotel.com\/wp-content\/uploads\/2026\/01\/grandee-hotel-guangzhou-70-1024x682.webp 1024w, https:\/\/grandeehotel.com\/wp-content\/uploads\/2026\/01\/grandee-hotel-guangzhou-70-768x512.webp 768w, https:\/\/grandeehotel.com\/wp-content\/uploads\/2026\/01\/grandee-hotel-guangzhou-70-18x12.webp 18w\" sizes=\"(max-width: 1280px) 100vw, 1280px\" \/>\t\t\t\t\t\t\t\t\t\t\t\t\t\t\t<\/div>\n\t\t\t\t\t<\/div>\n\t\t<\/div>\n\t\t\t\t<div class=\"elementor-column elementor-col-50 elementor-top-column elementor-element elementor-element-2dac103\" data-id=\"2dac103\" data-element_type=\"column\" data-e-type=\"column\">\n\t\t\t<div class=\"elementor-widget-wrap elementor-element-populated\">\n\t\t\t\t\t\t<div class=\"elementor-element elementor-element-6f1b8966 elementor-invisible elementor-widget elementor-widget-text-editor\" data-id=\"6f1b8966\" data-element_type=\"widget\" data-e-type=\"widget\" data-settings=\"{&quot;_animation&quot;:&quot;nussFadeInUp&quot;}\" data-widget_type=\"text-editor.default\">\n\t\t\t\t\t\t\t\t\t<p class=\"qwen-markdown-paragraph\"><span class=\"qwen-markdown-text\" data-spm-anchor-id=\"a2ty_o01.29997173.0.i133.3f8f5171Mo5YDu\">A solo minutos de la entrada al Parque Safari Chimelong, el Hotel Grandee goza de una ubicaci\u00f3n ideal para quienes desean aprovechar al m\u00e1ximo su tiempo en el parque sin sacrificar la comodidad. Tras un d\u00eda observando pandas, tigres y jirafas, regrese a su acogedora y bien equipada habitaci\u00f3n, con ropa de cama de lujo, climatizaci\u00f3n inteligente, wifi gratuito y ventanas insonorizadas, lo que garantiza noches de descanso reparador incluso en temporada alta. Las familias apreciar\u00e1n detalles para ni\u00f1os como camas adicionales, alquiler de cochecitos y opciones gastron\u00f3micas cercanas, mientras que los viajeros de negocios podr\u00e1n disfrutar de las salas de reuniones y el aparcamiento gratuito.<\/span><\/p><div class=\"qwen-markdown-space\">\u00a0<\/div><p class=\"qwen-markdown-paragraph\"><span class=\"qwen-markdown-text\">Comer en el Hotel Grandee es c\u00f3modo y satisfactorio. Empiece el d\u00eda con un abundante desayuno buffet antes de ir al parque, o rel\u00e1jese despu\u00e9s de un d\u00eda ajetreado con deliciosas especialidades cantonesas o platos internacionales servidos en el restaurante del hotel. El servicio de habitaciones y el f\u00e1cil acceso a restaurantes locales ofrecen flexibilidad para todos los gustos y horarios.<\/span><\/p>\t\t\t\t\t\t\t\t<\/div>\n\t\t\t\t\t<\/div>\n\t\t<\/div>\n\t\t\t\t\t<\/div>\n\t\t<\/section>\n\t\t\t\t<section class=\"elementor-section elementor-top-section elementor-element elementor-element-2f410d8 elementor-section-height-min-height elementor-section-stretched elementor-section-full_width elementor-section-items-stretch elementor-section-height-default elementor-section-column-vertical-align-stretch\" data-id=\"2f410d8\" data-element_type=\"section\" data-e-type=\"section\" data-settings=\"{&quot;stretch_section&quot;:&quot;section-stretched&quot;}\">\n\t\t\t\t\t\t<div class=\"elementor-container elementor-column-gap-no\">\n\t\t\t\t\t<div class=\"elementor-column elementor-col-50 elementor-top-column elementor-element elementor-element-c4287af\" data-id=\"c4287af\" data-element_type=\"column\" data-e-type=\"column\">\n\t\t\t<div class=\"elementor-widget-wrap elementor-element-populated\">\n\t\t\t\t\t\t<div class=\"elementor-element elementor-element-825e8cb elementor-invisible elementor-widget elementor-widget-text-editor\" data-id=\"825e8cb\" data-element_type=\"widget\" data-e-type=\"widget\" data-settings=\"{&quot;_animation&quot;:&quot;nussFadeInUp&quot;}\" data-widget_type=\"text-editor.default\">\n\t\t\t\t\t\t\t\t\t<p class=\"qwen-markdown-paragraph\"><span class=\"qwen-markdown-text\" data-spm-anchor-id=\"a2ty_o01.29997173.0.i135.3f8f5171Mo5YDu\">Los hu\u00e9spedes tambi\u00e9n disfrutan de servicios pr\u00e1cticos, como recepci\u00f3n 24 horas, check-in\/out expr\u00e9s, consigna de equipaje y asistencia tur\u00edstica, para que su estancia sea relajada. Con f\u00e1cil acceso al metro (estaci\u00f3n Hanxi Changlong a solo 1,4 km) y a solo 30 minutos en coche del Aeropuerto Internacional de Guangzhou Baiyun, el Grandee Hotel le conecta f\u00e1cilmente con las principales atracciones, zonas comerciales y centros de transporte de la ciudad.<\/span><\/p><div class=\"qwen-markdown-space\">\u00a0<\/div><p class=\"qwen-markdown-paragraph\"><span class=\"qwen-markdown-text\">Ya sea que est\u00e9 planeando una escapada de fin de semana, unas vacaciones familiares de varios d\u00edas o un viaje de negocios con tiempo libre incluido, <\/span><strong class=\"qwen-markdown-strong\"><span class=\"qwen-markdown-text\">Grandee Hotel (Guangzhou Panyu Chimelong Safari Park Branch)<\/span><\/strong><span class=\"qwen-markdown-text\"> Promete una experiencia inolvidable basada en la comodidad, la accesibilidad y un servicio atento, justo en el coraz\u00f3n del distrito de entretenimiento m\u00e1s emocionante de Guangzhou.<\/span><\/p><div class=\"qwen-markdown-space\">\u00a0<\/div><p class=\"qwen-markdown-paragraph\"><em><span class=\"qwen-markdown-text\">Reserve su estad\u00eda hoy y descubra por qu\u00e9 los viajeros eligen Grandee Hotel como su base de confianza para explorar Chimelong Safari Park y m\u00e1s all\u00e1.<\/span><\/em><\/p>\t\t\t\t\t\t\t\t<\/div>\n\t\t\t\t\t<\/div>\n\t\t<\/div>\n\t\t\t\t<div class=\"elementor-column elementor-col-50 elementor-top-column elementor-element elementor-element-1adc0a3\" data-id=\"1adc0a3\" data-element_type=\"column\" data-e-type=\"column\">\n\t\t\t<div class=\"elementor-widget-wrap elementor-element-populated\">\n\t\t\t\t\t\t<div class=\"elementor-element elementor-element-346af92 elementor-widget__width-initial elementor-widget-mobile__width-inherit elementor-invisible nuss-elementor-loading nuss-slide-in-right elementor-widget elementor-widget-image\" data-id=\"346af92\" data-element_type=\"widget\" data-e-type=\"widget\" data-settings=\"{&quot;_animation&quot;:&quot;nussSlideInRight&quot;}\" data-widget_type=\"image.default\">\n\t\t\t\t\t\t\t\t\t\t\t\t\t\t\t<img decoding=\"async\" width=\"1139\" height=\"853\" src=\"https:\/\/grandeehotel.com\/wp-content\/uploads\/2026\/01\/grandee-hotel-guangzhou-3.webp\" class=\"attachment-full size-full wp-image-7189\" alt=\"\" srcset=\"https:\/\/grandeehotel.com\/wp-content\/uploads\/2026\/01\/grandee-hotel-guangzhou-3.webp 1139w, https:\/\/grandeehotel.com\/wp-content\/uploads\/2026\/01\/grandee-hotel-guangzhou-3-300x225.webp 300w, https:\/\/grandeehotel.com\/wp-content\/uploads\/2026\/01\/grandee-hotel-guangzhou-3-1024x767.webp 1024w, https:\/\/grandeehotel.com\/wp-content\/uploads\/2026\/01\/grandee-hotel-guangzhou-3-768x575.webp 768w, https:\/\/grandeehotel.com\/wp-content\/uploads\/2026\/01\/grandee-hotel-guangzhou-3-16x12.webp 16w\" sizes=\"(max-width: 1139px) 100vw, 1139px\" \/>\t\t\t\t\t\t\t\t\t\t\t\t\t\t\t<\/div>\n\t\t\t\t\t<\/div>\n\t\t<\/div>\n\t\t\t\t\t<\/div>\n\t\t<\/section>\n\t\t\t\t<\/div>","protected":false},"excerpt":{"rendered":"<p>Grandee Hotel (Guangzhou Panyu Chimelong Safari Park Branch) \u2013 Your Gateway to Adventure &amp; Comfort in Southern China Nestled at No. 463 Fushi Road, Panyu District, Guangzhou, the Grandee Hotel (Guangzhou Panyu Chimelong Safari Park Branch) offers a seamless blend of convenience, comfort, and charm for travelers seeking proximity to one of Asia\u2019s most thrilling [&hellip;]<\/p>\n","protected":false},"author":1,"featured_media":0,"parent":0,"menu_order":0,"comment_status":"closed","ping_status":"closed","template":"","meta":{"footnotes":""},"class_list":["post-5266","page","type-page","status-publish","hentry","post-no-thumbnail"],"_links":{"self":[{"href":"https:\/\/grandeehotel.com\/es\/wp-json\/wp\/v2\/pages\/5266","targetHints":{"allow":["GET"]}}],"collection":[{"href":"https:\/\/grandeehotel.com\/es\/wp-json\/wp\/v2\/pages"}],"about":[{"href":"https:\/\/grandeehotel.com\/es\/wp-json\/wp\/v2\/types\/page"}],"author":[{"embeddable":true,"href":"https:\/\/grandeehotel.com\/es\/wp-json\/wp\/v2\/users\/1"}],"replies":[{"embeddable":true,"href":"https:\/\/grandeehotel.com\/es\/wp-json\/wp\/v2\/comments?post=5266"}],"version-history":[{"count":0,"href":"https:\/\/grandeehotel.com\/es\/wp-json\/wp\/v2\/pages\/5266\/revisions"}],"wp:attachment":[{"href":"https:\/\/grandeehotel.com\/es\/wp-json\/wp\/v2\/media?parent=5266"}],"curies":[{"name":"wp","href":"https:\/\/api.w.org\/{rel}","templated":true}]}}