{"id":2104,"date":"2021-03-23T09:33:48","date_gmt":"2021-03-23T09:33:48","guid":{"rendered":"http:\/\/localhost\/nuss\/?page_id=167"},"modified":"2026-01-12T18:37:58","modified_gmt":"2026-01-12T18:37:58","slug":"nuestra-historia","status":"publish","type":"page","link":"https:\/\/grandeehotel.com\/es\/our-story\/","title":{"rendered":"Our Story"},"content":{"rendered":"<div data-elementor-type=\"wp-page\" data-elementor-id=\"2104\" class=\"elementor elementor-2104\">\n\t\t\t\t\t\t<section class=\"elementor-section elementor-top-section elementor-element elementor-element-8f5bb9d elementor-section-boxed elementor-section-gap-beside-yes elementor-section-height-default elementor-section-height-default elementor-section-column-vertical-align-stretch\" data-id=\"8f5bb9d\" data-element_type=\"section\" data-e-type=\"section\">\n\t\t\t\t\t\t<div class=\"elementor-container elementor-column-gap-extended\">\n\t\t\t\t\t<div class=\"elementor-column elementor-col-100 elementor-top-column elementor-element elementor-element-7ec4215\" data-id=\"7ec4215\" data-element_type=\"column\" data-e-type=\"column\">\n\t\t\t<div class=\"elementor-widget-wrap elementor-element-populated\">\n\t\t\t\t\t\t<div class=\"elementor-element elementor-element-edd9d03 elementor-widget__width-initial elementor-invisible elementor-widget elementor-widget-text-editor\" data-id=\"edd9d03\" data-element_type=\"widget\" data-e-type=\"widget\" data-settings=\"{&quot;_animation&quot;:&quot;nussFadeInUp&quot;}\" data-widget_type=\"text-editor.default\">\n\t\t\t\t\t\t\t\t\t<p class=\"qwen-markdown-paragraph\"><strong class=\"qwen-markdown-strong\"><span class=\"qwen-markdown-text\" data-spm-anchor-id=\"a2ty_o01.29997173.0.i164.3f8f5171Mo5YDu\">Nuestra historia \u2014 Grandee Hotel (Sucursal del Parque Safari Chimelong de Guangzhou Panyu): donde la aventura se encuentra con la aut\u00e9ntica hospitalidad<\/span><\/strong><\/p>\t\t\t\t\t\t\t\t<\/div>\n\t\t\t\t\t<\/div>\n\t\t<\/div>\n\t\t\t\t\t<\/div>\n\t\t<\/section>\n\t\t<div class=\"elementor-element elementor-element-ae7e42f e-flex e-con-boxed e-con e-parent\" data-id=\"ae7e42f\" data-element_type=\"container\" data-e-type=\"container\">\n\t\t\t\t\t<div class=\"e-con-inner\">\n\t\t\t\t<div class=\"elementor-element elementor-element-136c3a3 elementor-widget elementor-widget-text-editor\" data-id=\"136c3a3\" data-element_type=\"widget\" data-e-type=\"widget\" data-widget_type=\"text-editor.default\">\n\t\t\t\t\t\t\t\t\t<p class=\"qwen-markdown-paragraph\"><span class=\"qwen-markdown-text\">Ubicado en <\/span><strong class=\"qwen-markdown-strong\"><span class=\"qwen-markdown-text\">No. 463 Fushi Road, distrito de Panyu, Guangzhou<\/span><\/strong><span class=\"qwen-markdown-text\">, en el coraz\u00f3n del corredor de entretenimiento m\u00e1s vibrante del sur de China, <\/span><strong class=\"qwen-markdown-strong\"><span class=\"qwen-markdown-text\">Grandee Hotel (Guangzhou Panyu Chimelong Safari Park Branch)<\/span><\/strong><span class=\"qwen-markdown-text\"> es m\u00e1s que un simple lugar para descansar: es una historia viva tejida a partir de los sue\u00f1os de los viajeros, el ritmo de la naturaleza y el esp\u00edritu del servicio atento.<\/span><\/p><p class=\"qwen-markdown-paragraph\"><span class=\"qwen-markdown-text\">Nuestro viaje comenz\u00f3 con una visi\u00f3n simple pero poderosa: <\/span><em><span class=\"qwen-markdown-text\">Crear un refugio acogedor para familias, aventureros y viajeros de negocios que buscan comodidad sin concesiones, especialmente aquellos atra\u00eddos por las maravillas salvajes de Chimelong Safari Park.<\/span><\/em><span class=\"qwen-markdown-text\">. En una ciudad donde el lujo a menudo eclipsa la practicidad, decidimos construir algo diferente: un hotel que no llame la atenci\u00f3n, sino que discretamente ofrezca todo lo que necesitas, justo cuando lo necesitas.<\/span><\/p><div class=\"qwen-markdown-hr\"><hr \/><\/div><h3 class=\"qwen-markdown-heading\"><span class=\"qwen-markdown-text\">\ud83c\udf3f Nacido del pulso de Panyu<\/span><\/h3><p class=\"qwen-markdown-paragraph\"><span class=\"qwen-markdown-text\">Panyu ha sido conocida durante mucho tiempo como la puerta de entrada cultural y recreativa de Guangzhou, hogar de templos antiguos, mercados nocturnos animados y, por supuesto, el mundialmente famoso <\/span><strong class=\"qwen-markdown-strong\"><span class=\"qwen-markdown-text\">Complejo tur\u00edstico Chimelong<\/span><\/strong><span class=\"qwen-markdown-text\">, uno de los principales destinos de parques tem\u00e1ticos de Asia. Cuando abrimos nuestras puertas, sab\u00edamos que no est\u00e1bamos construyendo un hotel m\u00e1s, sino que nos est\u00e1bamos convirtiendo en parte de una narrativa m\u00e1s amplia: la historia de millones de hu\u00e9spedes que vienen a ver pandas, subirse a monta\u00f1as rusas y disfrutar de atardeceres en sabanas repletas de jirafas y leones.<\/span><\/p><p class=\"qwen-markdown-paragraph\"><span class=\"qwen-markdown-text\">Elegimos esta ubicaci\u00f3n no por casualidad, sino a prop\u00f3sito. A pocos pasos de la entrada al Parque Safari Chimelong, el Hotel Grandee fue concebido como una extensi\u00f3n natural de la aventura: un lugar al que regresar despu\u00e9s de un d\u00eda emocionante para recargar energ\u00edas, reflexionar y prepararse para los descubrimientos del d\u00eda siguiente.<\/span><\/p><div class=\"qwen-markdown-hr\"><hr \/><\/div><h3 class=\"qwen-markdown-heading\"><span class=\"qwen-markdown-text\">\ud83c\udfe8 La filosof\u00eda Grandee: Simplicidad, Servicio, Sostenibilidad<\/span><\/h3><p class=\"qwen-markdown-paragraph\"><span class=\"qwen-markdown-text\">A diferencia de los grandes palacios o los imponentes rascacielos, Grandee Hotel adopta una filosof\u00eda arraigada en <\/span><strong class=\"qwen-markdown-strong\"><span class=\"qwen-markdown-text\">excelencia silenciosa<\/span><\/strong><span class=\"qwen-markdown-text\">. No creemos que el lujo deba ser escandaloso. Nos centramos en lo que realmente importa:<\/span><\/p><ul class=\"qwen-markdown-list\" dir=\"auto\"><li><strong class=\"qwen-markdown-strong\"><span class=\"qwen-markdown-text\">Habitaciones limpias y c\u00f3modas.<\/span><\/strong><span class=\"qwen-markdown-text\"> Con ropa de cama de lujo, control de clima inteligente y detalles considerados como puertos USB y cortinas opacas. <\/span><\/li><li><strong class=\"qwen-markdown-strong\"><span class=\"qwen-markdown-text\">Personal c\u00e1lido y atento<\/span><\/strong><span class=\"qwen-markdown-text\"> que hablan varios idiomas y hacen todo lo posible para que su estad\u00eda sea memorable. <\/span><\/li><li><strong class=\"qwen-markdown-strong\"><span class=\"qwen-markdown-text\">Servicios pr\u00e1cticos<\/span><\/strong><span class=\"qwen-markdown-text\"> \u2014 Wi-Fi gratuito, estacionamiento gratuito, check-in\/out expr\u00e9s, almacenamiento de equipaje y extras para ni\u00f1os <\/span><\/li><li><strong class=\"qwen-markdown-strong\"><span class=\"qwen-markdown-text\">Opciones sostenibles<\/span><\/strong><span class=\"qwen-markdown-text\"> \u2014 desde iluminaci\u00f3n de bajo consumo hasta art\u00edculos de tocador ecol\u00f3gicos y reducci\u00f3n de pl\u00e1sticos de un solo uso<\/span><\/li><\/ul><p class=\"qwen-markdown-paragraph\"><span class=\"qwen-markdown-text\">Cada detalle, desde el aroma de las s\u00e1banas frescas hasta la sonrisa en la recepci\u00f3n, est\u00e1 dise\u00f1ado para garantizar que su estad\u00eda aqu\u00ed sea tranquila, relajada y realmente placentera.<\/span><\/p><div class=\"qwen-markdown-hr\"><hr \/><\/div><h3 class=\"qwen-markdown-heading\"><span class=\"qwen-markdown-text\">\ud83d\udc68\u200d\ud83d\udc69\u200d\ud83d\udc67\u200d\ud83d\udc66 Un hogar lejos del hogar para las familias<\/span><\/h3><p class=\"qwen-markdown-paragraph\"><span class=\"qwen-markdown-text\">Desde el momento en que recibimos a nuestro primer invitado familiar \u2014un ni\u00f1o con los ojos muy abiertos que agarraba un le\u00f3n de peluche mientras sus padres sonre\u00edan aliviados\u2014 supimos que nuestra misi\u00f3n era clara: que cada familia se sintiera segura, apoyada y celebrada. A lo largo de los a\u00f1os, hemos incorporado alquiler de cochecitos, libros para colorear, literas e incluso sorpresas para la hora de dormir de los m\u00e1s peque\u00f1os. Nuestro buffet de desayuno satisface tanto a los m\u00e1s exigentes como a los m\u00e1s aventureros, garantizando que nadie pase hambre antes de regresar a la naturaleza.<\/span><\/p><p class=\"qwen-markdown-paragraph\"><span class=\"qwen-markdown-text\">Los padres nos dicen que eligen Grandee porque &quot;no es sofisticado, pero funciona&quot;. Y eso es precisamente lo que buscamos: confiabilidad con amabilidad.<\/span><\/p><div class=\"qwen-markdown-hr\"><hr \/><\/div><h3 class=\"qwen-markdown-heading\"><span class=\"qwen-markdown-text\">\ud83d\udcbc Ideal inesperadamente para viajeros de negocios<\/span><\/h3><p class=\"qwen-markdown-paragraph\"><span class=\"qwen-markdown-text\">Aunque muchos nos ven como un hotel familiar, los profesionales expertos han descubierto las fortalezas ocultas de Grandee: <\/span><strong class=\"qwen-markdown-strong\"><span class=\"qwen-markdown-text\">Wi-Fi potente, espacios de trabajo tranquilos, soporte en recepci\u00f3n las 24 horas y conexiones de transporte perfectas.<\/span><\/strong><span class=\"qwen-markdown-text\"> Al centro de Cant\u00f3n y al Aeropuerto de Baiyun. Ya sea que asista a una reuni\u00f3n cercana o trabaje a distancia entre safaris, nuestras habitaciones le ofrecen la tranquilidad que necesita, sin sacrificar la cercan\u00eda a la diversi\u00f3n.<\/span><\/p><p class=\"qwen-markdown-paragraph\"><span class=\"qwen-markdown-text\">Un viajero de negocios escribi\u00f3: <\/span><\/p><blockquote class=\"qwen-markdown-blockquote\"><p class=\"qwen-markdown-paragraph\"><span class=\"qwen-markdown-text\">\u201cVine por trabajo y me qued\u00e9 por la comodidad. Habitaci\u00f3n limpia, internet r\u00e1pido, personal amable, y pod\u00eda ir caminando al parque para comer. \u00bfQui\u00e9n iba a pensar que la productividad pod\u00eda ser tan relajada?\u201d<\/span><\/p><\/blockquote><div class=\"qwen-markdown-hr\"><hr \/><\/div><h3 class=\"qwen-markdown-heading\"><span class=\"qwen-markdown-text\">\ud83c\udfaf M\u00e1s que un hotel: un cap\u00edtulo de tu viaje<\/span><\/h3><p class=\"qwen-markdown-paragraph\"><span class=\"qwen-markdown-text\">El Hotel Grandee no se trata de impresionarte con vest\u00edbulos de m\u00e1rmol ni chefs con estrellas Michelin. Se trata de estar ah\u00ed cuando lo necesites, ya sea para recuperar el aliento tras ver un tigre de cerca, para celebrar la primera subida a la monta\u00f1a rusa de tu hijo o para terminar una videollamada nocturna por Zoom antes del amanecer.<\/span><\/p><p class=\"qwen-markdown-paragraph\"><span class=\"qwen-markdown-text\">No solo recibimos hu\u00e9spedes, sino que formamos parte de sus historias. Las risas que resuenan en el pasillo tras un exitoso d\u00eda de safari. El silencioso suspiro de alivio cuando alguien encuentra su paraguas perdido. El saludo entre desconocidos que se unen mientras desayunan panqueques.<\/span><\/p><p class=\"qwen-markdown-paragraph\"><span class=\"qwen-markdown-text\">\u00c9sa es el alma del Grandee Hotel.<\/span><\/p><div class=\"qwen-markdown-hr\"><hr \/><\/div><h3 class=\"qwen-markdown-heading\"><span class=\"qwen-markdown-text\">\ud83c\udf1f Mirando hacia el futuro: creciendo contigo<\/span><\/h3><p class=\"qwen-markdown-paragraph\"><span class=\"qwen-markdown-text\">A medida que Chimelong contin\u00faa expandi\u00e9ndose, a\u00f1adiendo nuevas zonas, atracciones y experiencias, Grandee Hotel tambi\u00e9n lo hace. Escuchamos constantemente los comentarios de nuestros hu\u00e9spedes, mejoramos nuestras instalaciones y perfeccionamos nuestros servicios para satisfacer sus necesidades cambiantes. Ya sea que nos visite hoy, el pr\u00f3ximo a\u00f1o o dentro de cinco a\u00f1os, nos encontrar\u00e1 listos: seguimos con nuestra sencillez, nuestro compromiso con el servicio y nuestra orgullosa ubicaci\u00f3n en el n.\u00b0 463 de Fushi Road, justo donde comienza la magia.<\/span><\/p><div class=\"qwen-markdown-hr\"><hr \/><\/div><p class=\"qwen-markdown-paragraph\"><strong class=\"qwen-markdown-strong\"><span class=\"qwen-markdown-text\">Bienvenido a Grandee Hotel, donde tu aventura comienza, hace una pausa y contin\u00faa... todo bajo un mismo techo.<\/span><\/strong><\/p><p class=\"qwen-markdown-paragraph\" data-spm-anchor-id=\"a2ty_o01.29997173.0.i167.3f8f5171Mo5YDu\"><em><span class=\"qwen-markdown-text\">Porque todo gran viaje merece un gran lugar para descansar, y es un honor para nosotros ser el suyo.<\/span><\/em><\/p>\t\t\t\t\t\t\t\t<\/div>\n\t\t\t\t\t<\/div>\n\t\t\t\t<\/div>\n\t\t\t\t<\/div>","protected":false},"excerpt":{"rendered":"<p>Our Story \u2014 Grandee Hotel (Guangzhou Panyu Chimelong Safari Park Branch): Where Adventure Meets Authentic Hospitality Nestled at No. 463 Fushi Road, Panyu District, Guangzhou, in the heart of southern China\u2019s most vibrant entertainment corridor, Grandee Hotel (Guangzhou Panyu Chimelong Safari Park Branch) is more than just a place to rest your head \u2014 it\u2019s [&hellip;]<\/p>\n","protected":false},"author":1,"featured_media":0,"parent":0,"menu_order":0,"comment_status":"closed","ping_status":"closed","template":"","meta":{"footnotes":""},"class_list":["post-2104","page","type-page","status-publish","hentry","post-no-thumbnail"],"_links":{"self":[{"href":"https:\/\/grandeehotel.com\/es\/wp-json\/wp\/v2\/pages\/2104","targetHints":{"allow":["GET"]}}],"collection":[{"href":"https:\/\/grandeehotel.com\/es\/wp-json\/wp\/v2\/pages"}],"about":[{"href":"https:\/\/grandeehotel.com\/es\/wp-json\/wp\/v2\/types\/page"}],"author":[{"embeddable":true,"href":"https:\/\/grandeehotel.com\/es\/wp-json\/wp\/v2\/users\/1"}],"replies":[{"embeddable":true,"href":"https:\/\/grandeehotel.com\/es\/wp-json\/wp\/v2\/comments?post=2104"}],"version-history":[{"count":0,"href":"https:\/\/grandeehotel.com\/es\/wp-json\/wp\/v2\/pages\/2104\/revisions"}],"wp:attachment":[{"href":"https:\/\/grandeehotel.com\/es\/wp-json\/wp\/v2\/media?parent=2104"}],"curies":[{"name":"wp","href":"https:\/\/api.w.org\/{rel}","templated":true}]}}