{"id":5266,"date":"2021-07-18T08:03:35","date_gmt":"2021-07-18T08:03:35","guid":{"rendered":"https:\/\/nuss.uxper.co\/luxury-resort\/?page_id=5266"},"modified":"2026-01-12T17:56:24","modified_gmt":"2026-01-12T17:56:24","slug":"uber-uns","status":"publish","type":"page","link":"https:\/\/grandeehotel.com\/de\/about-us\/","title":{"rendered":"\u00dcber uns"},"content":{"rendered":"<div data-elementor-type=\"wp-page\" data-elementor-id=\"5266\" class=\"elementor elementor-5266\">\n\t\t\t\t\t\t<section class=\"elementor-section elementor-top-section elementor-element elementor-element-10416953 elementor-section-boxed elementor-section-gap-beside-yes elementor-section-height-default elementor-section-height-default elementor-section-column-vertical-align-stretch\" data-id=\"10416953\" data-element_type=\"section\" data-e-type=\"section\">\n\t\t\t\t\t\t<div class=\"elementor-container elementor-column-gap-extended\">\n\t\t\t\t\t<div class=\"elementor-column elementor-col-100 elementor-top-column elementor-element elementor-element-29c6aa8\" data-id=\"29c6aa8\" data-element_type=\"column\" data-e-type=\"column\">\n\t\t\t<div class=\"elementor-widget-wrap elementor-element-populated\">\n\t\t\t\t\t\t<div class=\"elementor-element elementor-element-7be18fe7 elementor-widget__width-initial elementor-invisible elementor-widget elementor-widget-text-editor\" data-id=\"7be18fe7\" data-element_type=\"widget\" data-e-type=\"widget\" data-settings=\"{&quot;_animation&quot;:&quot;nussFadeInUp&quot;}\" data-widget_type=\"text-editor.default\">\n\t\t\t\t\t\t\t\t\t<div class=\"svelte-1c06zsf\" data-lang-code=\"\"><p class=\"qwen-markdown-paragraph\"><strong class=\"qwen-markdown-strong\"><span class=\"qwen-markdown-text\" data-spm-anchor-id=\"a2ty_o01.29997173.0.i130.3f8f5171Mo5YDu\">Grandee Hotel (Guangzhou Panyu Chimelong Safari Park Branch) \u2013 Ihr Tor zu Abenteuer und Komfort in S\u00fcdchina<\/span><\/strong><\/p><\/div>\t\t\t\t\t\t\t\t<\/div>\n\t\t\t\t\t<\/div>\n\t\t<\/div>\n\t\t\t\t\t<\/div>\n\t\t<\/section>\n\t\t\t\t<section class=\"elementor-section elementor-top-section elementor-element elementor-element-7d18327f elementor-section-boxed elementor-section-gap-beside-yes elementor-section-height-default elementor-section-height-default elementor-section-column-vertical-align-stretch\" data-id=\"7d18327f\" data-element_type=\"section\" data-e-type=\"section\">\n\t\t\t\t\t\t<div class=\"elementor-container elementor-column-gap-extended\">\n\t\t\t\t\t<div class=\"elementor-column elementor-col-50 elementor-top-column elementor-element elementor-element-56533670\" data-id=\"56533670\" data-element_type=\"column\" data-e-type=\"column\">\n\t\t\t<div class=\"elementor-widget-wrap elementor-element-populated\">\n\t\t\t\t\t\t<div class=\"elementor-element elementor-element-19c3f543 elementor-drop-cap-yes elementor-drop-cap-view-default elementor-invisible elementor-widget elementor-widget-text-editor\" data-id=\"19c3f543\" data-element_type=\"widget\" data-e-type=\"widget\" data-settings=\"{&quot;_animation&quot;:&quot;nussFadeInUp&quot;,&quot;drop_cap&quot;:&quot;yes&quot;}\" data-widget_type=\"text-editor.default\">\n\t\t\t\t\t\t\t\t\t<p class=\"qwen-markdown-paragraph\"><span class=\"qwen-markdown-text\" data-spm-anchor-id=\"a2ty_o01.29997173.0.i132.3f8f5171Mo5YDu\">Eingebettet in <\/span><strong class=\"qwen-markdown-strong\"><span class=\"qwen-markdown-text\">Nr. 463 Fushi Road, Bezirk Panyu, Guangzhou<\/span><\/strong><span class=\"qwen-markdown-text\">, Die <\/span><strong class=\"qwen-markdown-strong\"><span class=\"qwen-markdown-text\">Grandee Hotel (Guangzhou Panyu Chimelong Safari Park Branch)<\/span><\/strong><span class=\"qwen-markdown-text\"> bietet eine nahtlose Verbindung von Bequemlichkeit, Komfort und Charme f\u00fcr Reisende, die die N\u00e4he zu einem der aufregendsten Wildtiergebiete Asiens suchen \u2013 <\/span><strong class=\"qwen-markdown-strong\"><span class=\"qwen-markdown-text\">Chimelong Safari Park<\/span><\/strong><span class=\"qwen-markdown-text\" data-spm-anchor-id=\"a2ty_o01.29997173.0.i131.3f8f5171Mo5YDu\">. Ob Sie als Familie ein Safari-Abenteuer planen, als Alleinreisender kulturelle Erlebnisse suchen oder als Gesch\u00e4ftsreisender einen ruhigen R\u00fcckzugsort in der N\u00e4he wichtiger Sehensw\u00fcrdigkeiten ben\u00f6tigen \u2013 dieses moderne Hotel bietet mit seinen durchdacht gestalteten Annehmlichkeiten, der herzlichen Gastfreundschaft und der unschlagbaren Lage ein au\u00dfergew\u00f6hnliches Preis-Leistungs-Verh\u00e4ltnis.<\/span><\/p>\t\t\t\t\t\t\t\t<\/div>\n\t\t\t\t\t<\/div>\n\t\t<\/div>\n\t\t\t\t<div class=\"elementor-column elementor-col-50 elementor-top-column elementor-element elementor-element-30f14127\" data-id=\"30f14127\" data-element_type=\"column\" data-e-type=\"column\">\n\t\t\t<div class=\"elementor-widget-wrap elementor-element-populated\">\n\t\t\t\t\t\t<div class=\"elementor-element elementor-element-59aea08 elementor-widget elementor-widget-image\" data-id=\"59aea08\" data-element_type=\"widget\" data-e-type=\"widget\" data-widget_type=\"image.default\">\n\t\t\t\t\t\t\t\t\t\t\t\t\t\t\t<img fetchpriority=\"high\" decoding=\"async\" width=\"1024\" height=\"768\" src=\"https:\/\/grandeehotel.com\/wp-content\/uploads\/2026\/01\/grandee-hotel-guangzhou-47-1024x768.webp\" class=\"attachment-large size-large wp-image-7233\" alt=\"\" srcset=\"https:\/\/grandeehotel.com\/wp-content\/uploads\/2026\/01\/grandee-hotel-guangzhou-47-1024x768.webp 1024w, https:\/\/grandeehotel.com\/wp-content\/uploads\/2026\/01\/grandee-hotel-guangzhou-47-300x225.webp 300w, https:\/\/grandeehotel.com\/wp-content\/uploads\/2026\/01\/grandee-hotel-guangzhou-47-768x576.webp 768w, https:\/\/grandeehotel.com\/wp-content\/uploads\/2026\/01\/grandee-hotel-guangzhou-47-16x12.webp 16w, https:\/\/grandeehotel.com\/wp-content\/uploads\/2026\/01\/grandee-hotel-guangzhou-47.webp 1138w\" sizes=\"(max-width: 1024px) 100vw, 1024px\" \/>\t\t\t\t\t\t\t\t\t\t\t\t\t\t\t<\/div>\n\t\t\t\t\t<\/div>\n\t\t<\/div>\n\t\t\t\t\t<\/div>\n\t\t<\/section>\n\t\t\t\t<section class=\"elementor-section elementor-top-section elementor-element elementor-element-29fb8578 elementor-section-height-min-height elementor-section-stretched elementor-section-full_width elementor-section-items-stretch elementor-section-height-default elementor-section-column-vertical-align-stretch\" data-id=\"29fb8578\" data-element_type=\"section\" data-e-type=\"section\" data-settings=\"{&quot;stretch_section&quot;:&quot;section-stretched&quot;}\">\n\t\t\t\t\t\t<div class=\"elementor-container elementor-column-gap-no\">\n\t\t\t\t\t<div class=\"elementor-column elementor-col-50 elementor-top-column elementor-element elementor-element-40ac270b\" data-id=\"40ac270b\" data-element_type=\"column\" data-e-type=\"column\">\n\t\t\t<div class=\"elementor-widget-wrap elementor-element-populated\">\n\t\t\t\t\t\t<div class=\"elementor-element elementor-element-20872773 elementor-widget__width-initial elementor-widget-mobile__width-inherit elementor-invisible nuss-elementor-loading nuss-slide-in-right elementor-widget elementor-widget-image\" data-id=\"20872773\" data-element_type=\"widget\" data-e-type=\"widget\" data-settings=\"{&quot;_animation&quot;:&quot;nussSlideInRight&quot;}\" data-widget_type=\"image.default\">\n\t\t\t\t\t\t\t\t\t\t\t\t\t\t\t<img decoding=\"async\" width=\"1280\" height=\"853\" src=\"https:\/\/grandeehotel.com\/wp-content\/uploads\/2026\/01\/grandee-hotel-guangzhou-70.webp\" class=\"attachment-full size-full wp-image-7256\" alt=\"\" srcset=\"https:\/\/grandeehotel.com\/wp-content\/uploads\/2026\/01\/grandee-hotel-guangzhou-70.webp 1280w, https:\/\/grandeehotel.com\/wp-content\/uploads\/2026\/01\/grandee-hotel-guangzhou-70-300x200.webp 300w, https:\/\/grandeehotel.com\/wp-content\/uploads\/2026\/01\/grandee-hotel-guangzhou-70-1024x682.webp 1024w, https:\/\/grandeehotel.com\/wp-content\/uploads\/2026\/01\/grandee-hotel-guangzhou-70-768x512.webp 768w, https:\/\/grandeehotel.com\/wp-content\/uploads\/2026\/01\/grandee-hotel-guangzhou-70-18x12.webp 18w\" sizes=\"(max-width: 1280px) 100vw, 1280px\" \/>\t\t\t\t\t\t\t\t\t\t\t\t\t\t\t<\/div>\n\t\t\t\t\t<\/div>\n\t\t<\/div>\n\t\t\t\t<div class=\"elementor-column elementor-col-50 elementor-top-column elementor-element elementor-element-2dac103\" data-id=\"2dac103\" data-element_type=\"column\" data-e-type=\"column\">\n\t\t\t<div class=\"elementor-widget-wrap elementor-element-populated\">\n\t\t\t\t\t\t<div class=\"elementor-element elementor-element-6f1b8966 elementor-invisible elementor-widget elementor-widget-text-editor\" data-id=\"6f1b8966\" data-element_type=\"widget\" data-e-type=\"widget\" data-settings=\"{&quot;_animation&quot;:&quot;nussFadeInUp&quot;}\" data-widget_type=\"text-editor.default\">\n\t\t\t\t\t\t\t\t\t<p class=\"qwen-markdown-paragraph\"><span class=\"qwen-markdown-text\" data-spm-anchor-id=\"a2ty_o01.29997173.0.i133.3f8f5171Mo5YDu\">Nur wenige Minuten vom Eingang des Chimelong Safari Parks entfernt, ist das Grandee Hotel ideal f\u00fcr G\u00e4ste gelegen, die ihren Parkbesuch optimal nutzen und dabei auf Komfort verzichten m\u00f6chten. Nach einem Tag voller Pandas, Tiger und Giraffen kehren Sie in Ihr gem\u00fctliches, gut ausgestattetes Zimmer mit luxuri\u00f6ser Bettw\u00e4sche, intelligenter Klimaanlage, kostenlosem WLAN und schallisolierten Fenstern zur\u00fcck \u2013 f\u00fcr erholsame N\u00e4chte auch in der Hochsaison. Familien freuen sich \u00fcber kinderfreundliche Annehmlichkeiten wie Zustellbetten, Kinderwagenverleih und Restaurants in der N\u00e4he, w\u00e4hrend Gesch\u00e4ftsreisende Tagungsr\u00e4ume und kostenlose Parkpl\u00e4tze nutzen k\u00f6nnen.<\/span><\/p><div class=\"qwen-markdown-space\">\u00a0<\/div><p class=\"qwen-markdown-paragraph\"><span class=\"qwen-markdown-text\">Im Grandee Hotel genie\u00dfen Sie kulinarische Gen\u00fcsse pur. Starten Sie Ihren Tag mit einem reichhaltigen Fr\u00fchst\u00fccksbuffet, bevor Sie den Park erkunden, oder lassen Sie den Tag mit k\u00f6stlichen kantonesischen Spezialit\u00e4ten oder internationalen Gerichten im hoteleigenen Restaurant ausklingen. Dank Zimmerservice und der N\u00e4he zu Restaurants bietet das Hotel f\u00fcr jeden Geschmack und Zeitplan das Richtige.<\/span><\/p>\t\t\t\t\t\t\t\t<\/div>\n\t\t\t\t\t<\/div>\n\t\t<\/div>\n\t\t\t\t\t<\/div>\n\t\t<\/section>\n\t\t\t\t<section class=\"elementor-section elementor-top-section elementor-element elementor-element-2f410d8 elementor-section-height-min-height elementor-section-stretched elementor-section-full_width elementor-section-items-stretch elementor-section-height-default elementor-section-column-vertical-align-stretch\" data-id=\"2f410d8\" data-element_type=\"section\" data-e-type=\"section\" data-settings=\"{&quot;stretch_section&quot;:&quot;section-stretched&quot;}\">\n\t\t\t\t\t\t<div class=\"elementor-container elementor-column-gap-no\">\n\t\t\t\t\t<div class=\"elementor-column elementor-col-50 elementor-top-column elementor-element elementor-element-c4287af\" data-id=\"c4287af\" data-element_type=\"column\" data-e-type=\"column\">\n\t\t\t<div class=\"elementor-widget-wrap elementor-element-populated\">\n\t\t\t\t\t\t<div class=\"elementor-element elementor-element-825e8cb elementor-invisible elementor-widget elementor-widget-text-editor\" data-id=\"825e8cb\" data-element_type=\"widget\" data-e-type=\"widget\" data-settings=\"{&quot;_animation&quot;:&quot;nussFadeInUp&quot;}\" data-widget_type=\"text-editor.default\">\n\t\t\t\t\t\t\t\t\t<p class=\"qwen-markdown-paragraph\"><span class=\"qwen-markdown-text\" data-spm-anchor-id=\"a2ty_o01.29997173.0.i135.3f8f5171Mo5YDu\">G\u00e4ste profitieren zudem von praktischen Services wie der 24-Stunden-Rezeption, Express-Check-in\/-out, Gep\u00e4ckaufbewahrung und Unterst\u00fctzung bei der Tourenplanung \u2013 f\u00fcr einen stressfreien Aufenthalt. Dank der nahegelegenen Metro-Anbindung (Station Hanxi Changlong nur 1,4 km entfernt) und der nur 30-min\u00fctigen Fahrt zum internationalen Flughafen Guangzhou Baiyun erreichen Sie vom Grandee Hotel aus bequem die wichtigsten Sehensw\u00fcrdigkeiten, Einkaufsviertel und Verkehrsknotenpunkte der Stadt.<\/span><\/p><div class=\"qwen-markdown-space\">\u00a0<\/div><p class=\"qwen-markdown-paragraph\"><span class=\"qwen-markdown-text\">Ob Sie einen Wochenendausflug, einen mehrt\u00e4gigen Familienurlaub oder eine Gesch\u00e4ftsreise mit eingeplanter Freizeit planen, <\/span><strong class=\"qwen-markdown-strong\"><span class=\"qwen-markdown-text\">Grandee Hotel (Guangzhou Panyu Chimelong Safari Park Branch)<\/span><\/strong><span class=\"qwen-markdown-text\"> verspricht ein unvergessliches Erlebnis, das auf Komfort, Zug\u00e4nglichkeit und aufmerksamem Service basiert \u2013 mitten im Herzen von Guangzhous aufregendstem Unterhaltungsviertel.<\/span><\/p><div class=\"qwen-markdown-space\">\u00a0<\/div><p class=\"qwen-markdown-paragraph\"><em><span class=\"qwen-markdown-text\">Buchen Sie noch heute Ihren Aufenthalt und entdecken Sie, warum Reisende das Grandee Hotel als ihren vertrauensw\u00fcrdigen Ausgangspunkt f\u00fcr die Erkundung des Chimelong Safari Parks und der Umgebung w\u00e4hlen.<\/span><\/em><\/p>\t\t\t\t\t\t\t\t<\/div>\n\t\t\t\t\t<\/div>\n\t\t<\/div>\n\t\t\t\t<div class=\"elementor-column elementor-col-50 elementor-top-column elementor-element elementor-element-1adc0a3\" data-id=\"1adc0a3\" data-element_type=\"column\" data-e-type=\"column\">\n\t\t\t<div class=\"elementor-widget-wrap elementor-element-populated\">\n\t\t\t\t\t\t<div class=\"elementor-element elementor-element-346af92 elementor-widget__width-initial elementor-widget-mobile__width-inherit elementor-invisible nuss-elementor-loading nuss-slide-in-right elementor-widget elementor-widget-image\" data-id=\"346af92\" data-element_type=\"widget\" data-e-type=\"widget\" data-settings=\"{&quot;_animation&quot;:&quot;nussSlideInRight&quot;}\" data-widget_type=\"image.default\">\n\t\t\t\t\t\t\t\t\t\t\t\t\t\t\t<img decoding=\"async\" width=\"1139\" height=\"853\" src=\"https:\/\/grandeehotel.com\/wp-content\/uploads\/2026\/01\/grandee-hotel-guangzhou-3.webp\" class=\"attachment-full size-full wp-image-7189\" alt=\"\" srcset=\"https:\/\/grandeehotel.com\/wp-content\/uploads\/2026\/01\/grandee-hotel-guangzhou-3.webp 1139w, https:\/\/grandeehotel.com\/wp-content\/uploads\/2026\/01\/grandee-hotel-guangzhou-3-300x225.webp 300w, https:\/\/grandeehotel.com\/wp-content\/uploads\/2026\/01\/grandee-hotel-guangzhou-3-1024x767.webp 1024w, https:\/\/grandeehotel.com\/wp-content\/uploads\/2026\/01\/grandee-hotel-guangzhou-3-768x575.webp 768w, https:\/\/grandeehotel.com\/wp-content\/uploads\/2026\/01\/grandee-hotel-guangzhou-3-16x12.webp 16w\" sizes=\"(max-width: 1139px) 100vw, 1139px\" \/>\t\t\t\t\t\t\t\t\t\t\t\t\t\t\t<\/div>\n\t\t\t\t\t<\/div>\n\t\t<\/div>\n\t\t\t\t\t<\/div>\n\t\t<\/section>\n\t\t\t\t<\/div>","protected":false},"excerpt":{"rendered":"<p>Grandee Hotel (Guangzhou Panyu Chimelong Safari Park Branch) \u2013 Your Gateway to Adventure &amp; Comfort in Southern China Nestled at No. 463 Fushi Road, Panyu District, Guangzhou, the Grandee Hotel (Guangzhou Panyu Chimelong Safari Park Branch) offers a seamless blend of convenience, comfort, and charm for travelers seeking proximity to one of Asia\u2019s most thrilling [&hellip;]<\/p>\n","protected":false},"author":1,"featured_media":0,"parent":0,"menu_order":0,"comment_status":"closed","ping_status":"closed","template":"","meta":{"footnotes":""},"class_list":["post-5266","page","type-page","status-publish","hentry","post-no-thumbnail"],"_links":{"self":[{"href":"https:\/\/grandeehotel.com\/de\/wp-json\/wp\/v2\/pages\/5266","targetHints":{"allow":["GET"]}}],"collection":[{"href":"https:\/\/grandeehotel.com\/de\/wp-json\/wp\/v2\/pages"}],"about":[{"href":"https:\/\/grandeehotel.com\/de\/wp-json\/wp\/v2\/types\/page"}],"author":[{"embeddable":true,"href":"https:\/\/grandeehotel.com\/de\/wp-json\/wp\/v2\/users\/1"}],"replies":[{"embeddable":true,"href":"https:\/\/grandeehotel.com\/de\/wp-json\/wp\/v2\/comments?post=5266"}],"version-history":[{"count":0,"href":"https:\/\/grandeehotel.com\/de\/wp-json\/wp\/v2\/pages\/5266\/revisions"}],"wp:attachment":[{"href":"https:\/\/grandeehotel.com\/de\/wp-json\/wp\/v2\/media?parent=5266"}],"curies":[{"name":"wp","href":"https:\/\/api.w.org\/{rel}","templated":true}]}}