{"id":2106,"date":"2021-03-25T04:08:26","date_gmt":"2021-03-25T04:08:26","guid":{"rendered":"http:\/\/localhost\/nuss\/?page_id=298"},"modified":"2026-01-12T18:15:55","modified_gmt":"2026-01-12T18:15:55","slug":"erfahrungen","status":"publish","type":"page","link":"https:\/\/grandeehotel.com\/de\/experiences\/","title":{"rendered":"Kundenerfahrungen und Bewertungen"},"content":{"rendered":"<div data-elementor-type=\"wp-page\" data-elementor-id=\"2106\" class=\"elementor elementor-2106\">\n\t\t\t\t\t\t<section class=\"elementor-section elementor-top-section elementor-element elementor-element-1954ffc elementor-section-boxed elementor-section-gap-beside-yes elementor-section-height-default elementor-section-height-default elementor-section-column-vertical-align-stretch\" data-id=\"1954ffc\" data-element_type=\"section\" data-e-type=\"section\">\n\t\t\t\t\t\t<div class=\"elementor-container elementor-column-gap-extended\">\n\t\t\t\t\t<div class=\"elementor-column elementor-col-100 elementor-top-column elementor-element elementor-element-86aebc5\" data-id=\"86aebc5\" data-element_type=\"column\" data-e-type=\"column\">\n\t\t\t<div class=\"elementor-widget-wrap elementor-element-populated\">\n\t\t\t\t\t\t<div class=\"elementor-element elementor-element-11803d1 elementor-widget__width-initial elementor-invisible elementor-widget elementor-widget-text-editor\" data-id=\"11803d1\" data-element_type=\"widget\" data-e-type=\"widget\" data-settings=\"{&quot;_animation&quot;:&quot;nussFadeInUp&quot;}\" data-widget_type=\"text-editor.default\">\n\t\t\t\t\t\t\t\t\t<div class=\"svelte-1c06zsf\" data-lang-code=\"\"><p class=\"qwen-markdown-paragraph\" data-spm-anchor-id=\"a2ty_o01.29997173.0.i149.3f8f5171Mo5YDu\"><strong class=\"qwen-markdown-strong\"><span class=\"qwen-markdown-text\" data-spm-anchor-id=\"a2ty_o01.29997173.0.i150.3f8f5171Mo5YDu\">Grandee Hotel (Filiale Guangzhou Panyu Chimelong Safari Park) \u2013 Echte G\u00e4stebewertungen und unverf\u00e4lschte Kundenerfahrungen, denen Sie vertrauen k\u00f6nnen.<\/span><\/strong><\/p><\/div>\t\t\t\t\t\t\t\t<\/div>\n\t\t\t\t\t<\/div>\n\t\t<\/div>\n\t\t\t\t\t<\/div>\n\t\t<\/section>\n\t\t<div class=\"elementor-element elementor-element-95e7268 e-flex e-con-boxed e-con e-parent\" data-id=\"95e7268\" data-element_type=\"container\" data-e-type=\"container\">\n\t\t\t\t\t<div class=\"e-con-inner\">\n\t\t\t\t<div class=\"elementor-element elementor-element-bd47571 elementor-widget elementor-widget-image\" data-id=\"bd47571\" data-element_type=\"widget\" data-e-type=\"widget\" data-widget_type=\"image.default\">\n\t\t\t\t\t\t\t\t\t\t\t\t\t\t\t\t<a href=\"https:\/\/www.trip.com\/hotels\/guangzhou-hotel-detail-129977293\/grandee-hotel\/?Allianceid=7451095&#038;SID=288690032&#038;trip_sub1=&#038;trip_sub3=D10219323\" target=\"_blank\" rel=\"noopener\">\n\t\t\t\t\t\t\t<img fetchpriority=\"high\" decoding=\"async\" width=\"1740\" height=\"1683\" src=\"https:\/\/grandeehotel.com\/wp-content\/uploads\/2026\/01\/Grandee-Hotel-Reviews.png\" class=\"attachment-full size-full wp-image-7376\" alt=\"\" srcset=\"https:\/\/grandeehotel.com\/wp-content\/uploads\/2026\/01\/Grandee-Hotel-Reviews.png 1740w, https:\/\/grandeehotel.com\/wp-content\/uploads\/2026\/01\/Grandee-Hotel-Reviews-300x290.png 300w, https:\/\/grandeehotel.com\/wp-content\/uploads\/2026\/01\/Grandee-Hotel-Reviews-1024x990.png 1024w, https:\/\/grandeehotel.com\/wp-content\/uploads\/2026\/01\/Grandee-Hotel-Reviews-768x743.png 768w, https:\/\/grandeehotel.com\/wp-content\/uploads\/2026\/01\/Grandee-Hotel-Reviews-1536x1486.png 1536w, https:\/\/grandeehotel.com\/wp-content\/uploads\/2026\/01\/Grandee-Hotel-Reviews-12x12.png 12w\" sizes=\"(max-width: 1740px) 100vw, 1740px\" \/>\t\t\t\t\t\t\t\t<\/a>\n\t\t\t\t\t\t\t\t\t\t\t\t\t\t\t<\/div>\n\t\t\t\t\t<\/div>\n\t\t\t\t<\/div>\n\t\t<div class=\"elementor-element elementor-element-f432b71 e-flex e-con-boxed e-con e-parent\" data-id=\"f432b71\" data-element_type=\"container\" data-e-type=\"container\">\n\t\t\t\t\t<div class=\"e-con-inner\">\n\t\t\t\t<div class=\"elementor-element elementor-element-f643b21 elementor-widget elementor-widget-text-editor\" data-id=\"f643b21\" data-element_type=\"widget\" data-e-type=\"widget\" data-widget_type=\"text-editor.default\">\n\t\t\t\t\t\t\t\t\t<p class=\"qwen-markdown-paragraph\"><span class=\"qwen-markdown-text\" data-spm-anchor-id=\"a2ty_o01.29997173.0.i152.3f8f5171Mo5YDu\">Befindet sich in <\/span><strong class=\"qwen-markdown-strong\"><span class=\"qwen-markdown-text\">Nr. 463 Fushi Road, Bezirk Panyu, Guangzhou<\/span><\/strong><span class=\"qwen-markdown-text\">, Die <\/span><strong class=\"qwen-markdown-strong\"><span class=\"qwen-markdown-text\">Grandee Hotel (Guangzhou Panyu Chimelong Safari Park Branch)<\/span><\/strong><span class=\"qwen-markdown-text\"> hat sich unter Reisenden einen hervorragenden Ruf erworben \u2013 und kann eine beeindruckende <\/span><strong class=\"qwen-markdown-strong\"><span class=\"qwen-markdown-text\">9,5\/10 Punkte basierend auf 979 verifizierten G\u00e4stebewertungen<\/span><\/strong><span class=\"qwen-markdown-text\" data-spm-anchor-id=\"a2ty_o01.29997173.0.i151.3f8f5171Mo5YDu\"> Auf Trip.com. Weit mehr als nur eine komfortable Unterkunft nach einem Tag im Chimelong Safari Park: Dieses moderne 5-Sterne-Hotel begeistert seine G\u00e4ste immer wieder mit einem hervorragenden Preis-Leistungs-Verh\u00e4ltnis, aufmerksamem Service und strategisch g\u00fcnstiger Lage. Ob Sie mit Kindern reisen, alleine unterwegs sind oder gesch\u00e4ftlich unterwegs sind \u2013 die Bewertungen echter Reisender zeigen, warum das Grandee Hotel in einer der beliebtesten Touristenregionen Chinas so heraussticht.<\/span><\/p><div class=\"qwen-markdown-space\">\u00a0<\/div><div class=\"qwen-markdown-hr\"><hr \/><\/div><div class=\"qwen-markdown-space\">\u00a0<\/div><h3 class=\"qwen-markdown-heading\"><span class=\"qwen-markdown-text\">\u2705 Was G\u00e4ste am meisten lieben: Lage, Preis-Leistungs-Verh\u00e4ltnis und familienfreundliche Atmosph\u00e4re<\/span><\/h3><p class=\"qwen-markdown-paragraph\"><span class=\"qwen-markdown-text\">Der Hauptgrund, warum G\u00e4ste das Grandee Hotel w\u00e4hlen? <\/span><strong class=\"qwen-markdown-strong\"><span class=\"qwen-markdown-text\">unschlagbare N\u00e4he zum Chimelong Safari Park<\/span><\/strong><span class=\"qwen-markdown-text\"> \u2014 nur einen kurzen Spaziergang von bekannten Sehensw\u00fcrdigkeiten wie dem <\/span><strong class=\"qwen-markdown-strong\"><span class=\"qwen-markdown-text\">Gehege f\u00fcr afrikanische Geparden (0,7 km)<\/span><\/strong><span class=\"qwen-markdown-text\">, <\/span><strong class=\"qwen-markdown-strong\"><span class=\"qwen-markdown-text\">Afrika-Korridor (0,35 km)<\/span><\/strong><span class=\"qwen-markdown-text\">, Und <\/span><strong class=\"qwen-markdown-strong\"><span class=\"qwen-markdown-text\">S\u00fcdafrikanisches Hochplateau (0,48 km)<\/span><\/strong><span class=\"qwen-markdown-text\">. Viele Rezensenten heben hervor, wie einfach es ist, zwischen den Parkabenteuern f\u00fcr ein Nickerchen, eine Dusche oder eine schnelle Mahlzeit ins Hotel zur\u00fcckzukehren \u2013 was insbesondere von Familien mit kleinen Kindern gesch\u00e4tzt wird.<\/span><\/p><div class=\"qwen-markdown-space\">\u00a0<\/div><p class=\"qwen-markdown-paragraph\"><span class=\"qwen-markdown-text\">Eine reiselustige Familie schw\u00e4rmte: <\/span><\/p><blockquote class=\"qwen-markdown-blockquote\"><p class=\"qwen-markdown-paragraph\"><span class=\"qwen-markdown-text\">\u201cWir hatten ein 2-N\u00e4chte-Paket inklusive Parktickets gebucht und waren total begeistert, wie nah wir am Eingang waren. Die Zimmer waren blitzsauber, die Betten super bequem, und die Angestellten haben sich sehr bem\u00fcht, uns bei der Planung unserer Safari-Route zu helfen. Noch besser: Das Fr\u00fchst\u00fccksbuffet bot sowohl westliche als auch chinesische Speisen \u2013 da war f\u00fcr jeden etwas dabei!\u201d<\/span><\/p><\/blockquote><div class=\"qwen-markdown-space\">\u00a0<\/div><p class=\"qwen-markdown-paragraph\"><span class=\"qwen-markdown-text\">Ein weiterer Gast f\u00fcgte hinzu: <\/span><\/p><blockquote class=\"qwen-markdown-blockquote\"><p class=\"qwen-markdown-paragraph\"><span class=\"qwen-markdown-text\">\u201cF\u00fcr unter 100 Euro, 40 Euro und 20 Euro pro Nacht ist dieses Angebot unschlagbar. Saubere Zimmer, kostenloses WLAN und freundliches Personal an der Rezeption, das gut Englisch spricht. Wir sind jeden Morgen zum Park gelaufen \u2013 man muss nicht auf den Shuttle warten.\u201d<\/span><\/p><\/blockquote><div class=\"qwen-markdown-space\">\u00a0<\/div><div class=\"qwen-markdown-hr\"><hr \/><\/div><div class=\"qwen-markdown-space\">\u00a0<\/div><h3 class=\"qwen-markdown-heading\"><span class=\"qwen-markdown-text\">\ud83d\udecf\ufe0f Zimmerkomfort &amp; Ausstattung: Modern, funktional &amp; durchdacht gestaltet<\/span><\/h3><p class=\"qwen-markdown-paragraph\"><span class=\"qwen-markdown-text\">Die G\u00e4ste loben das Hotel h\u00e4ufig. <\/span><strong class=\"qwen-markdown-strong\"><span class=\"qwen-markdown-text\">moderne, gepflegte Zimmer<\/span><\/strong><span class=\"qwen-markdown-text\"> Mit luxuri\u00f6ser Bettw\u00e4sche, intelligenter Klimatisierung und Verdunkelungsvorh\u00e4ngen \u2013 perfekt zum Entspannen nach langen Tagen im Park. Obwohl es nicht so prunkvoll ist wie das nahegelegene Chimelong Hotel, bietet das Grandee eine gem\u00fctliche, moderne Atmosph\u00e4re mit praktischen Details:<\/span><\/p><div class=\"qwen-markdown-space\">\u00a0<\/div><ul class=\"qwen-markdown-list\" dir=\"auto\"><li><strong class=\"qwen-markdown-strong\"><span class=\"qwen-markdown-text\">Kostenloses Highspeed-WLAN<\/span><\/strong><span class=\"qwen-markdown-text\"> auf dem gesamten Anwesen<\/span><\/li><li><strong class=\"qwen-markdown-strong\"><span class=\"qwen-markdown-text\">USB-Ladeanschl\u00fcsse<\/span><\/strong><span class=\"qwen-markdown-text\"> und mehrere Steckdosen<\/span><\/li><li><strong class=\"qwen-markdown-strong\"><span class=\"qwen-markdown-text\">Minik\u00fchlschr\u00e4nke<\/span><\/strong><span class=\"qwen-markdown-text\"> und Flachbildfernseher in allen Zimmern<\/span><\/li><li><strong class=\"qwen-markdown-strong\"><span class=\"qwen-markdown-text\">Schalldichte Fenster<\/span><\/strong><span class=\"qwen-markdown-text\"> um Stra\u00dfenl\u00e4rm auszublenden<\/span><\/li><li><strong class=\"qwen-markdown-strong\"><span class=\"qwen-markdown-text\">Nichtraucherzimmer<\/span><\/strong><span class=\"qwen-markdown-text\"> Auf Anfrage erh\u00e4ltlich<\/span><\/li><\/ul><div class=\"qwen-markdown-space\">\u00a0<\/div><p class=\"qwen-markdown-paragraph\"><span class=\"qwen-markdown-text\">Familien sch\u00e4tzen die <\/span><strong class=\"qwen-markdown-strong\"><span class=\"qwen-markdown-text\">gro\u00dfz\u00fcgige Grundrisse<\/span><\/strong><span class=\"qwen-markdown-text\"> Viele Zimmerkategorien bieten bequem Platz f\u00fcr 3\u20134 G\u00e4ste, einige verf\u00fcgen \u00fcber Etagenbetten oder Zustellbetten (gegen eine geringe Geb\u00fchr). Ein Rezensent merkte an: <\/span><\/p><blockquote class=\"qwen-markdown-blockquote\"><p class=\"qwen-markdown-paragraph\"><span class=\"qwen-markdown-text\">\u201cUnser Zimmer hatte zwei Queensize-Betten und ein Schlafsofa \u2013 perfekt f\u00fcr unsere Gruppe von f\u00fcnf Personen. Wir hatten weder Platz noch Sauberkeit zu beanstanden. Das Badezimmer war sauber und mit guten Toilettenartikeln ausgestattet.\u201d<\/span><\/p><\/blockquote><div class=\"qwen-markdown-space\">\u00a0<\/div><div class=\"qwen-markdown-hr\"><hr \/><\/div><div class=\"qwen-markdown-space\">\u00a0<\/div><h3 class=\"qwen-markdown-heading\"><span class=\"qwen-markdown-text\">\ud83c\udf7d\ufe0f Gastronomie &amp; Verpflegung: Schnelle Snacks, Fr\u00fchst\u00fccksbuffet &amp; Komfort vor Ort<\/span><\/h3><p class=\"qwen-markdown-paragraph\"><span class=\"qwen-markdown-text\">Das Grandee Hotel verf\u00fcgt zwar nicht \u00fcber ein so riesiges Gourmetrestaurant wie sein Nachbar, aber die G\u00e4ste lieben es dennoch. <\/span><strong class=\"qwen-markdown-strong\"><span class=\"qwen-markdown-text\">Vielfalt und Komfort<\/span><\/strong><span class=\"qwen-markdown-text\"> seiner gastronomischen Angebote:<\/span><\/p><div class=\"qwen-markdown-space\">\u00a0<\/div><ul class=\"qwen-markdown-list\" dir=\"auto\"><li><strong class=\"qwen-markdown-strong\"><span class=\"qwen-markdown-text\">Fr\u00fchst\u00fccksbuffet im westlichen und chinesischen Stil<\/span><\/strong><span class=\"qwen-markdown-text\"> T\u00e4glich frisch serviert \u2013 gelobt f\u00fcr Frische und Vielfalt<\/span><\/li><li><strong class=\"qwen-markdown-strong\"><span class=\"qwen-markdown-text\">Caf\u00e9 und Snackbar vor Ort<\/span><\/strong><span class=\"qwen-markdown-text\"> f\u00fcr Kaffee, Geb\u00e4ck oder einen kleinen Imbiss, bevor es in den Park geht<\/span><\/li><li><strong class=\"qwen-markdown-strong\"><span class=\"qwen-markdown-text\">Zimmerservice<\/span><\/strong><span class=\"qwen-markdown-text\"> Ideal f\u00fcr den kleinen Hunger sp\u00e4t in der Nacht oder f\u00fcr gem\u00fctliche Morgenstunden.<\/span><\/li><li><strong class=\"qwen-markdown-strong\"><span class=\"qwen-markdown-text\">Lobbybar<\/span><\/strong><span class=\"qwen-markdown-text\"> Und <\/span><strong class=\"qwen-markdown-strong\"><span class=\"qwen-markdown-text\">Lebensmittelgesch\u00e4ft\/Kiosk<\/span><\/strong><span class=\"qwen-markdown-text\"> f\u00fcr Snacks, Getr\u00e4nke und das N\u00f6tigste<\/span><\/li><li><strong class=\"qwen-markdown-strong\"><span class=\"qwen-markdown-text\">alkoholfreie Zimmer<\/span><\/strong><span class=\"qwen-markdown-text\"> Auf Anfrage erh\u00e4ltlich \u2013 ideal f\u00fcr Familien oder alle, die eine ruhige Umgebung suchen.<\/span><\/li><\/ul><div class=\"qwen-markdown-space\">\u00a0<\/div><p class=\"qwen-markdown-paragraph\"><span class=\"qwen-markdown-text\">Mehrere G\u00e4ste erw\u00e4hnten, dass ihnen das gefallen habe <\/span><strong class=\"qwen-markdown-strong\"><span class=\"qwen-markdown-text\">lokale kantonesische Gerichte<\/span><\/strong><span class=\"qwen-markdown-text\"> angeboten w\u00e4hrend der Abendessenszeiten, w\u00e4hrend andere die <\/span><strong class=\"qwen-markdown-strong\"><span class=\"qwen-markdown-text\">einfache, aber zufriedenstellende westliche Optionen<\/span><\/strong><span class=\"qwen-markdown-text\"> f\u00fcr w\u00e4hlerische Esser oder Reisende mit Jetlag.<\/span><\/p><div class=\"qwen-markdown-space\">\u00a0<\/div><blockquote class=\"qwen-markdown-blockquote\"><p class=\"qwen-markdown-paragraph\"><span class=\"qwen-markdown-text\">\u201cDas Fr\u00fchst\u00fcck war \u00fcberraschend gut \u2013 Pfannkuchen, R\u00fchrei, Reissuppe, Dim Sum, Obst und Joghurt. Wir mussten das Hotel zum Mittagessen gar nicht verlassen \u2013 die Snackbar hatte Sandwiches und Nudeln, die genau das Richtige waren.\u201d<\/span><\/p><\/blockquote><div class=\"qwen-markdown-space\">\u00a0<\/div><div class=\"qwen-markdown-hr\"><hr \/><\/div><div class=\"qwen-markdown-space\">\u00a0<\/div><h3 class=\"qwen-markdown-heading\"><span class=\"qwen-markdown-text\">\ud83d\udc68\u200d\ud83d\udc69\u200d\ud83d\udc67\u200d\ud83d\udc66 Feedback von Familienreisenden: Kinderfreundlich, sicher und stressfrei<\/span><\/h3><p class=\"qwen-markdown-paragraph\"><span class=\"qwen-markdown-text\">Eltern bewerten das Grandee Hotel durchweg hoch f\u00fcr seine <\/span><strong class=\"qwen-markdown-strong\"><span class=\"qwen-markdown-text\">familienfreundliche Atmosph\u00e4re<\/span><\/strong><span class=\"qwen-markdown-text\">. Von Kinderwagenverleih \u00fcber kinderfreundliche Fr\u00fchst\u00fccksmen\u00fcs bis hin zu sicheren, gut beleuchteten Fluren \u2013 das Hotel bietet Familien alles, ohne sie mit unn\u00f6tigem Schnickschnack zu \u00fcberfordern.<\/span><\/p><div class=\"qwen-markdown-space\">\u00a0<\/div><blockquote class=\"qwen-markdown-blockquote\"><p class=\"qwen-markdown-paragraph\"><span class=\"qwen-markdown-text\">\u201cMein 6-J\u00e4hriger war begeistert von der Tierdekoration im Flur! Die Mitarbeiter schenkten ihm beim Einchecken ein Malbuch, und das Reinigungsteam legte ihm jeden Abend kleine Spielsachen aufs Kissen. Wirklich nette Gesten.\u201d<\/span><\/p><\/blockquote><div class=\"qwen-markdown-space\">\u00a0<\/div><p class=\"qwen-markdown-paragraph\"><span class=\"qwen-markdown-text\">Einige G\u00e4ste bemerkten auch die <\/span><strong class=\"qwen-markdown-strong\"><span class=\"qwen-markdown-text\">kostenloser Shuttle-Service<\/span><\/strong><span class=\"qwen-markdown-text\"> zum Chimelong Safari Park \u2013 die Verf\u00fcgbarkeit kann jedoch variieren, daher empfiehlt es sich, dies bei der Buchung zu best\u00e4tigen.<\/span><\/p><div class=\"qwen-markdown-space\">\u00a0<\/div><div class=\"qwen-markdown-hr\"><hr \/><\/div><div class=\"qwen-markdown-space\">\u00a0<\/div><h3 class=\"qwen-markdown-heading\"><span class=\"qwen-markdown-text\">\u26a0\ufe0f Kleinere Kritikpunkte: Was sich einige G\u00e4ste anders gew\u00fcnscht h\u00e4tten<\/span><\/h3><p class=\"qwen-markdown-paragraph\"><span class=\"qwen-markdown-text\">Kein Hotel ist perfekt \u2013 und einige Rezensenten gaben konstruktives Feedback:<\/span><\/p><div class=\"qwen-markdown-space\">\u00a0<\/div><ul class=\"qwen-markdown-list\" dir=\"auto\"><li><strong class=\"qwen-markdown-strong\"><span class=\"qwen-markdown-text\">Begrenzte Abendspeisem\u00f6glichkeiten<\/span><\/strong><span class=\"qwen-markdown-text\">Einige G\u00e4ste w\u00fcnschten sich, dass es neben der Snackbar und den nahegelegenen Stra\u00dfenh\u00e4ndlern mehr Auswahl an Speisen f\u00fcr den sp\u00e4ten Abend g\u00e4be.<\/span><\/li><li><strong class=\"qwen-markdown-strong\"><span class=\"qwen-markdown-text\">Grundausstattung<\/span><\/strong><span class=\"qwen-markdown-text\">Obwohl alles sauber und funktional war, hatten einige G\u00e4ste im Vergleich zu den 5-Sterne-Standards anderer Hotels in Guangzhou eine etwas gehobenere Ausstattung erwartet.<\/span><\/li><li><strong class=\"qwen-markdown-strong\"><span class=\"qwen-markdown-text\">Parkm\u00f6glichkeiten<\/span><\/strong><span class=\"qwen-markdown-text\">Obwohl kostenlose Parkpl\u00e4tze zur Verf\u00fcgung stehen, k\u00f6nnen diese in der Hauptsaison schnell belegt sein \u2013 eine fr\u00fche Anreise wird daher empfohlen.<\/span><\/li><\/ul><div class=\"qwen-markdown-space\">\u00a0<\/div><p class=\"qwen-markdown-paragraph\"><span class=\"qwen-markdown-text\">Ein Rezensent brachte es gut auf den Punkt: <\/span><\/p><blockquote class=\"qwen-markdown-blockquote\"><p class=\"qwen-markdown-paragraph\"><span class=\"qwen-markdown-text\">\u201cEs ist kein Luxus, aber es bietet ein gutes Preis-Leistungs-Verh\u00e4ltnis. Wenn Sie eine saubere, komfortable und preiswerte Unterkunft in der N\u00e4he des Chimelong Safari Parks suchen, sind Sie hier genau richtig. Erwarten Sie keine Sternek\u00fcche oder Marmorlobbys \u2026 aber erwarten Sie alles, was Sie f\u00fcr einen stressfreien Urlaub ben\u00f6tigen.\u201d<\/span><\/p><\/blockquote><div class=\"qwen-markdown-space\">\u00a0<\/div><div class=\"qwen-markdown-hr\"><hr \/><\/div><div class=\"qwen-markdown-space\">\u00a0<\/div><h3 class=\"qwen-markdown-heading\"><span class=\"qwen-markdown-text\">\ud83d\udcbc Hinweise f\u00fcr Gesch\u00e4ftsreisende: \u00dcberraschend gut f\u00fcr die Arbeit ausgestattet<\/span><\/h3><p class=\"qwen-markdown-paragraph\"><span class=\"qwen-markdown-text\">\u00dcberraschenderweise erhalten das Grandee Hotel sogar von Gesch\u00e4ftsreisenden sehr gute Noten. <\/span><strong class=\"qwen-markdown-strong\"><span class=\"qwen-markdown-text\">zuverl\u00e4ssiges WLAN<\/span><\/strong><span class=\"qwen-markdown-text\">, <\/span><strong class=\"qwen-markdown-strong\"><span class=\"qwen-markdown-text\">ruhige Arbeitsbereiche<\/span><\/strong><span class=\"qwen-markdown-text\">, Und <\/span><strong class=\"qwen-markdown-strong\"><span class=\"qwen-markdown-text\">24-Stunden-Rezeption<\/span><\/strong><span class=\"qwen-markdown-text\">, Das Hotel hat sich zu einer beliebten Anlaufstelle f\u00fcr Gesch\u00e4ftsreisende entwickelt, die an Meetings oder Konferenzen in Panyu teilnehmen. Dank der N\u00e4he zu U-Bahn-Stationen (die Station Hanxi Changlong ist nur 1,4 km entfernt) ist die Anreise in die Innenstadt von Guangzhou oder zum Flughafen Baiyun (49 km) problemlos.<\/span><\/p><div class=\"qwen-markdown-space\">\u00a0<\/div><blockquote class=\"qwen-markdown-blockquote\"><p class=\"qwen-markdown-paragraph\"><span class=\"qwen-markdown-text\">\u201cIch habe hier f\u00fcr ein dreit\u00e4giges Kundentreffen in der N\u00e4he \u00fcbernachtet. Das Zimmer war ruhig, das WLAN funktionierte einwandfrei und ich konnte mir vor meinem Anruf um 8 Uhr morgens schnell unten einen Kaffee holen. F\u00fcr Gesch\u00e4ftsreisen ist es untersch\u00e4tzt.\u201d<\/span><\/p><\/blockquote><div class=\"qwen-markdown-space\">\u00a0<\/div><div class=\"qwen-markdown-hr\"><hr \/><\/div><div class=\"qwen-markdown-space\">\u00a0<\/div><h3 class=\"qwen-markdown-heading\"><span class=\"qwen-markdown-text\">\ud83c\udf1f Endg\u00fcltiges Urteil: Warum das Grandee Hotel ein verstecktes Juwel in der N\u00e4he des Chimelong Safari Parks ist<\/span><\/h3><p class=\"qwen-markdown-paragraph\"><span class=\"qwen-markdown-text\">Mit seinem <\/span><strong class=\"qwen-markdown-strong\"><span class=\"qwen-markdown-text\">Bewertung: 9,5\/10<\/span><\/strong><span class=\"qwen-markdown-text\">, <\/span><strong class=\"qwen-markdown-strong\"><span class=\"qwen-markdown-text\">Budgetfreundliche Preise ab unter $20\/Nacht<\/span><\/strong><span class=\"qwen-markdown-text\">, Und <\/span><strong class=\"qwen-markdown-strong\"><span class=\"qwen-markdown-text\">Fu\u00dfl\u00e4ufiger Zugang zu einem der besten Wildparks Asiens<\/span><\/strong><span class=\"qwen-markdown-text\">, Das Grandee Hotel (Guangzhou Panyu Chimelong Safari Park Branch) bietet ein hervorragendes Preis-Leistungs-Verh\u00e4ltnis. Es versucht nicht, das luxuri\u00f6seste Hotel in Guangzhou zu sein \u2013 stattdessen konzentriert es sich auf das, was den G\u00e4sten am wichtigsten ist: <\/span><strong class=\"qwen-markdown-strong\"><span class=\"qwen-markdown-text\">Sauberkeit, Komfort, Bequemlichkeit und Freundlichkeit<\/span><\/strong><span class=\"qwen-markdown-text\">.<\/span><\/p><div class=\"qwen-markdown-space\">\u00a0<\/div><p class=\"qwen-markdown-paragraph\"><span class=\"qwen-markdown-text\">Ob Sie ein Wochenend-Safari-Abenteuer, einen mehrt\u00e4gigen Familienurlaub oder eine kurze Gesch\u00e4ftsreise mit eingeplanter Freizeit planen, das Grandee Hotel bietet Ihnen einen einladenden, effizienten und \u00fcberraschend angenehmen Aufenthalt mitten im Vergn\u00fcgungsviertel von Panyu.<\/span><\/p><div class=\"qwen-markdown-space\">\u00a0<\/div><p class=\"qwen-markdown-paragraph\" data-spm-anchor-id=\"a2ty_o01.29997173.0.i153.3f8f5171Mo5YDu\"><em><span class=\"qwen-markdown-text\">Buchen Sie noch heute Ihren Aufenthalt \u2013 und erleben Sie selbst, warum Tausende von Reisenden das Grandee Hotel als ihren vertrauensw\u00fcrdigen Ausgangspunkt f\u00fcr unvergessliche Erlebnisse im Chimelong Safari Park w\u00e4hlen.<\/span><\/em><\/p>\t\t\t\t\t\t\t\t<\/div>\n\t\t\t\t\t<\/div>\n\t\t\t\t<\/div>\n\t\t\t\t<\/div>","protected":false},"excerpt":{"rendered":"<p>Grandee Hotel (Guangzhou Panyu Chimelong Safari Park Branch) \u2013 Real Guest Reviews &amp; Unfiltered Customer Experiences You Can Trust Located at No. 463 Fushi Road, Panyu District, Guangzhou, the Grandee Hotel (Guangzhou Panyu Chimelong Safari Park Branch) has earned a stellar reputation among travelers \u2014 boasting an impressive 9.5\/10 rating from 979 verified guest reviews [&hellip;]<\/p>\n","protected":false},"author":1,"featured_media":0,"parent":0,"menu_order":0,"comment_status":"closed","ping_status":"closed","template":"","meta":{"footnotes":""},"class_list":["post-2106","page","type-page","status-publish","hentry","post-no-thumbnail"],"_links":{"self":[{"href":"https:\/\/grandeehotel.com\/de\/wp-json\/wp\/v2\/pages\/2106","targetHints":{"allow":["GET"]}}],"collection":[{"href":"https:\/\/grandeehotel.com\/de\/wp-json\/wp\/v2\/pages"}],"about":[{"href":"https:\/\/grandeehotel.com\/de\/wp-json\/wp\/v2\/types\/page"}],"author":[{"embeddable":true,"href":"https:\/\/grandeehotel.com\/de\/wp-json\/wp\/v2\/users\/1"}],"replies":[{"embeddable":true,"href":"https:\/\/grandeehotel.com\/de\/wp-json\/wp\/v2\/comments?post=2106"}],"version-history":[{"count":0,"href":"https:\/\/grandeehotel.com\/de\/wp-json\/wp\/v2\/pages\/2106\/revisions"}],"wp:attachment":[{"href":"https:\/\/grandeehotel.com\/de\/wp-json\/wp\/v2\/media?parent=2106"}],"curies":[{"name":"wp","href":"https:\/\/api.w.org\/{rel}","templated":true}]}}